{"id":1370,"date":"2025-12-30T18:13:36","date_gmt":"2025-12-30T18:13:36","guid":{"rendered":"https:\/\/isopur.nl\/?page_id=1370"},"modified":"2025-12-31T11:20:03","modified_gmt":"2025-12-31T11:20:03","slug":"privat","status":"publish","type":"page","link":"https:\/\/isopur.nl\/de\/privat\/","title":{"rendered":"Privat"},"content":{"rendered":"        <div class=\"featured-module \">\r\n            <div class=\"img-wrap webp\" style=\"background-image: url(https:\/\/isopur.nl\/wp-content\/uploads\/2022\/03\/IMG_1747-kopie.webp);\"><\/div><!--end of top-img--><div class=\"img-wrap\" style=\"background-image: url(https:\/\/isopur.nl\/wp-content\/uploads\/2022\/03\/IMG_1747-kopie-scaled.jpg);\"><\/div><!--end of top-img--> \r\n            <div class=\"inner cf\">\r\n                <div class=\"text-wrap\">\r\n                    <h1>Wohngeb\u00e4udeisolierung<\/h1>\n<p data-start=\"224\" data-end=\"588\">Eine gute Wohngeb\u00e4udeisolierung erh\u00f6ht den Wohnkomfort und reduziert W\u00e4rmeverluste erheblich. Isopur setzt auf hochwertige PUR-Isolierung mit fugenlosem PUR-Schaum, speziell entwickelt f\u00fcr die Isolierung von Wohnh\u00e4usern. Durch diese Technik entsteht eine geschlossene Isolationsschicht ohne Spalten, die zuverl\u00e4ssig vor K\u00e4lte, Zugluft und Feuchtigkeit sch\u00fctzt.<\/p>\n<p data-start=\"590\" data-end=\"851\">Unsere Methode eignet sich sowohl f\u00fcr bestehende Wohngeb\u00e4ude als auch f\u00fcr Renovierungs- und Sanierungsprojekte. Der Isolierschaum haftet direkt auf dem Untergrund und passt sich jeder Form an, sodass auch schwer zug\u00e4ngliche Bereiche vollst\u00e4ndig isoliert werden.<\/p>\n                            <div class=\"btns-wrap\">\r\n                                 \t\t\r\n\t\t<div class=\"btn border-btn\">\t\t\t\t\t\t\t\t\t\t\t\t\t\t\t\t\t\t\t\t\t\t\t\t\t\t\t\t\t\t\r\n\t\t\t<a href=\"https:\/\/isopur.nl\/de\/contact\/\" target=\"_self\" >Angebot anfordern<\/a>\t\t\t\t\t\t\t\t\t\t\t\t\r\n\t\t<\/div>\r\n\t \t\t\r\n\t\t<div class=\"btn default\">\t\t\t\t\t\t\t\t\t\t\t\t\t\t\t\t\t\t\t\t\t\t\t\t\t\t\t\t\t\t\r\n\t\t\t<a href=\"https:\/\/isopur.nl\/de\/projecten\/\" target=\"_self\" >Projekte anzeigen<\/a>\t\t\t\t\t\t\t\t\t\t\t\t\r\n\t\t<\/div>\r\n\t                            <\/div><!--end of btns-wrap-->\r\n                                        <\/div><!--end of text-wrap-->\r\n            <\/div><!--end of inner-->\r\n                    <\/div><!--end of featured-module-->\t \r\n\t\t\t\r\n\n\n\t\t<div class=\"usps-bar-module\">\r\n            <div class=\"inner cf\">\r\n\t\t\t\t                <ul>\r\n\t\t\t\t\t\t\t\t\t\t<li>Seit \u00fcber 40 Jahren Ihr Isolationsspezialist<\/li>\r\n\t\t\t\t\t\t\t\t\t\t<li>Zertifizierte Fachbetriebe<\/li>\r\n\t\t\t\t\t\t\t\t\t\t<li>10 Jahre Garantie auf unsere Arbeiten<\/li>\r\n\t\t\t\t\t\t\t\t\t\t<li>Ordentliche und saubere \u00dcbergabe<\/li>\r\n\t\t\t\t\t\t\t\t\t<\/ul>\r\n\t\t\t\t            <\/div><!--end of inner-->\r\n        <\/div><!--end of usps-bar-module-->  \t \r\n\t\t\t\r\n\n\n\t\t<div class=\"column-text-module\">\r\n            <div class=\"inner cf\">\r\n                <div class=\"title\">\r\n                    <h2>Wohngeb\u00e4udeisolierung mit PUR-Schaum<\/h2>\r\n                <\/div><!--end of title-->\r\n\r\n                <div class=\"items-wrap cf\">\r\n\t\t\t\t\t                    <div class=\"item\">\r\n                        <p data-start=\"224\" data-end=\"478\">PUR-Schaum eignet sich hervorragend f\u00fcr die Wohngeb\u00e4udeisolierung, da er eine hohe D\u00e4mmleistung mit einer langen Lebensdauer kombiniert. Das Material verbindet sich dauerhaft mit der Konstruktion und verhindert W\u00e4rmeverluste \u00fcber Fugen oder W\u00e4rmebr\u00fccken.<\/p>\n<p data-start=\"480\" data-end=\"685\">Isopur setzt PUR-Schaum gezielt f\u00fcr die <strong data-start=\"520\" data-end=\"544\">Isolierung von B\u00f6den<\/strong>, <strong data-start=\"546\" data-end=\"560\">Hohlw\u00e4nden<\/strong>, <strong data-start=\"562\" data-end=\"573\">D\u00e4chern<\/strong> und <strong data-start=\"578\" data-end=\"590\">Fassaden<\/strong> ein und realisiert damit nachhaltige und energieeffiziente Isolationsl\u00f6sungen f\u00fcr Wohngeb\u00e4ude.<\/p>\n\t\t\t\t\t<\/div><!--end of item-->\r\n\t\t\t\t\t                <\/div><!--end of items-wrap-->\r\n            <\/div><!--end of inner-->\r\n        <\/div><!--end of column-text-module-->  \t \r\n\t\t\t\r\n\n\n        <div class=\"tabs-bg-img-module\">\r\n            <div class=\"img-wrap webp\" style=\"background-image: url(https:\/\/isopur.nl\/wp-content\/uploads\/2021\/02\/tabs-bg-img-1.webp);\"><\/div><!--end of top-img--><div class=\"img-wrap\" style=\"background-image: url(https:\/\/isopur.nl\/wp-content\/uploads\/2021\/02\/tabs-bg-img-1.jpg);\"><\/div><!--end of top-img--> \r\n\r\n            <div class=\"inner cf\">\r\n                <div class=\"tabs-content-wrap cf\">\r\n                    <div class=\"tabs-wrap\">\r\n                        <div class=\"line\"><\/div><!--end of line-->\r\n\r\n                        <ul>\r\n                                                        <li rel=\"tab-1\" class=\"active\">Bodenisolierung<\/li>\r\n                                                        <li rel=\"tab-2\" class=\"active\">Hohlwandisolierung<\/li>\r\n                                                        <li rel=\"tab-3\" class=\"active\">Dach- und Fassadenisolierung<\/li>\r\n                                                    <\/ul>\r\n                    <\/div><!--end of tabs-wrap-->\r\n\r\n                    <div class=\"tabs-content\">\r\n                                                <div id=\"tab-1\" class=\"tab\">\r\n                            <p data-start=\"878\" data-end=\"1164\">Die <strong data-start=\"882\" data-end=\"916\">Bodenisolierung mit PUR-Schaum<\/strong> erfolgt an der Unterseite der Erdgeschossdecke. Der PUR-Isolierschaum bildet eine fugenlose Schicht um Bodenaufbauten und Fundamentbalken. Dadurch entsteht eine wirksame Trennung zwischen dem oft feuchten Kriechkeller und dem Wohnklima im Geb\u00e4ude.<\/p>\n<p data-start=\"1166\" data-end=\"1432\">PUR-Bodenisolierung verhindert aufsteigende K\u00e4lte und Feuchtigkeit, reduziert Zugluft und sorgt f\u00fcr sp\u00fcrbar w\u00e4rmere B\u00f6den. Dank der geschlossenen Zellstruktur bleibt die Isolierwirkung auch bei hoher Luftfeuchtigkeit oder wechselnden Temperaturen dauerhaft erhalten.<\/p>\n<p>&nbsp;<\/p>\n<p data-start=\"1434\" data-end=\"1465\"><u><a href=\"https:\/\/isopur.nl\/de\/bodenisolierung\/\">Mehr \u00fcber Bodenisolierung &gt;<\/a><\/p>\n<p><\/u><br \/>\n&nbsp;<\/p>\n                        <\/div><!--end of tab-->\r\n                                                <div id=\"tab-2\" class=\"tab\">\r\n                            <p data-start=\"1495\" data-end=\"1788\">Bei der Hohlwandisolierung wird PUR-Schaum gleichm\u00e4\u00dfig in den Hohlraum der Au\u00dfenwand eingebracht. Der Schaum expandiert und f\u00fcllt den gesamten Zwischenraum aus, sodass Fugen und Spalten vollst\u00e4ndig geschlossen werden. W\u00e4rme bleibt im Geb\u00e4ude, w\u00e4hrend kalte Au\u00dfenluft nicht eindringen kann.<\/p>\n<p data-start=\"1790\" data-end=\"2047\">Diese Form der Wohngeb\u00e4udeisolierung eignet sich f\u00fcr viele Bestandsgeb\u00e4ude und l\u00e4sst sich schnell sowie sauber ausf\u00fchren. Nach Abschluss der Arbeiten werden die Bohr\u00f6ffnungen fachgerecht verschlossen, sodass das Erscheinungsbild der Fassade erhalten bleibt.<u><\/u><\/p>\n<p data-start=\"2049\" data-end=\"2083\"><u><a href=\"https:\/\/isopur.nl\/de\/spouwmuurisolatie\/\">Mehr \u00fcber Hohlwandisolierung &gt;<\/a><\/u><\/p>\n<p>&nbsp;<\/p>\n                        <\/div><!--end of tab-->\r\n                                                <div id=\"tab-3\" class=\"tab\">\r\n                            <p data-start=\"2123\" data-end=\"2378\">Die <strong data-start=\"2127\" data-end=\"2174\">Dach- und Fassadenisolierung mit PUR-Schaum<\/strong> sorgt f\u00fcr eine durchgehende Isolationsh\u00fclle ohne Unterbrechungen. Das Material haftet direkt auf dem Untergrund und folgt jeder Kontur, wodurch W\u00e4rmebr\u00fccken und Energieverluste effektiv vermieden werden.<\/p>\n<p data-start=\"2380\" data-end=\"2658\">PUR-Isolierung eignet sich f\u00fcr schr\u00e4ge und flache D\u00e4cher sowie f\u00fcr unterschiedliche Fassadenkonstruktionen. Bei Au\u00dfenanwendungen kann die Isolationsschicht mit einer sch\u00fctzenden Beschichtung versehen werden, die sie widerstandsf\u00e4hig gegen Witterungseinfl\u00fcsse und Alterung macht.<\/p>\n<p data-start=\"2660\" data-end=\"2704\"><u><a href=\"https:\/\/isopur.nl\/de\/dach-und-fassadenisolierung\/\">Mehr \u00fcber Dach- und Fassadenisolierung &gt;<\/a><\/p>\n<p><\/u><\/p>\n                        <\/div><!--end of tab-->\r\n                                            <\/div><!--end of tabs-content-->\r\n                <\/div><!--end of tabs-content-wrap-->\r\n            <\/div><!--end of inner-->\r\n        <\/div><!--end of tabs-bg-img-module-->  \t \r\n\t\t\t\r\n\n\n\t\t<div class=\"column-text-module\">\r\n            <div class=\"inner cf\">\r\n                <div class=\"title\">\r\n                    <h2>Wann ist eine Wohngeb\u00e4udeisolierung sinnvoll?<\/h2>\r\n                <\/div><!--end of title-->\r\n\r\n                <div class=\"items-wrap cf\">\r\n\t\t\t\t\t                    <div class=\"item\">\r\n                        <p data-start=\"2761\" data-end=\"3057\">Eine Wohngeb\u00e4udeisolierung ist besonders sinnvoll bei kalten B\u00f6den, Zugluft, Feuchtigkeitsproblemen im Kriechkeller oder einem instabilen Raumklima. Auch im Rahmen von Sanierungs- oder Modernisierungsma\u00dfnahmen bietet <strong data-start=\"403\" data-end=\"421\">PUR-Isolierung<\/strong> eine effiziente L\u00f6sung \u2013 ohne aufwendige bauliche Eingriffe.<\/p>\n\t\t\t\t\t<\/div><!--end of item-->\r\n\t\t\t\t\t                    <div class=\"item\">\r\n                        <p data-start=\"484\" data-end=\"828\">Jedes Wohngeb\u00e4ude erfordert eine individuelle Herangehensweise. Nach einer sorgf\u00e4ltigen Beurteilung der Situation tragen wir den PUR-Schaum fachgerecht und mit minimaler Beeintr\u00e4chtigung auf. Die Isolierung h\u00e4rtet schnell aus und kann bei Bedarf mit einer sch\u00fctzenden Beschichtung versehen werden, um zus\u00e4tzliche Langlebigkeit zu gew\u00e4hrleisten.<\/p>\n\t\t\t\t\t<\/div><!--end of item-->\r\n\t\t\t\t\t                <\/div><!--end of items-wrap-->\r\n            <\/div><!--end of inner-->\r\n        <\/div><!--end of column-text-module-->  \t \r\n\t\t\t\r\n\n\n        <div class=\"full-form-module\">\r\n            <div class=\"inner cf\">\r\n                <div class=\"title\">\r\n                    <h2>Unverbindliches Angebot erhalten<\/h2>\r\n                <\/div><!--end of title-->\r\n\r\n                <div class=\"form-wrap\">\r\n                    <script type=\"text\/javascript\">\n\/* <![CDATA[ *\/\nvar gform;gform||(document.addEventListener(\"gform_main_scripts_loaded\",function(){gform.scriptsLoaded=!0}),document.addEventListener(\"gform\/theme\/scripts_loaded\",function(){gform.themeScriptsLoaded=!0}),window.addEventListener(\"DOMContentLoaded\",function(){gform.domLoaded=!0}),gform={domLoaded:!1,scriptsLoaded:!1,themeScriptsLoaded:!1,isFormEditor:()=>\"function\"==typeof InitializeEditor,callIfLoaded:function(o){return!(!gform.domLoaded||!gform.scriptsLoaded||!gform.themeScriptsLoaded&&!gform.isFormEditor()||(gform.isFormEditor()&&console.warn(\"The use of gform.initializeOnLoaded() is deprecated in the form editor context and will be removed in Gravity Forms 3.1.\"),o(),0))},initializeOnLoaded:function(o){gform.callIfLoaded(o)||(document.addEventListener(\"gform_main_scripts_loaded\",()=>{gform.scriptsLoaded=!0,gform.callIfLoaded(o)}),document.addEventListener(\"gform\/theme\/scripts_loaded\",()=>{gform.themeScriptsLoaded=!0,gform.callIfLoaded(o)}),window.addEventListener(\"DOMContentLoaded\",()=>{gform.domLoaded=!0,gform.callIfLoaded(o)}))},hooks:{action:{},filter:{}},addAction:function(o,r,e,t){gform.addHook(\"action\",o,r,e,t)},addFilter:function(o,r,e,t){gform.addHook(\"filter\",o,r,e,t)},doAction:function(o){gform.doHook(\"action\",o,arguments)},applyFilters:function(o){return gform.doHook(\"filter\",o,arguments)},removeAction:function(o,r){gform.removeHook(\"action\",o,r)},removeFilter:function(o,r,e){gform.removeHook(\"filter\",o,r,e)},addHook:function(o,r,e,t,n){null==gform.hooks[o][r]&&(gform.hooks[o][r]=[]);var d=gform.hooks[o][r];null==n&&(n=r+\"_\"+d.length),gform.hooks[o][r].push({tag:n,callable:e,priority:t=null==t?10:t})},doHook:function(r,o,e){var t;if(e=Array.prototype.slice.call(e,1),null!=gform.hooks[r][o]&&((o=gform.hooks[r][o]).sort(function(o,r){return o.priority-r.priority}),o.forEach(function(o){\"function\"!=typeof(t=o.callable)&&(t=window[t]),\"action\"==r?t.apply(null,e):e[0]=t.apply(null,e)})),\"filter\"==r)return e[0]},removeHook:function(o,r,t,n){var e;null!=gform.hooks[o][r]&&(e=(e=gform.hooks[o][r]).filter(function(o,r,e){return!!(null!=n&&n!=o.tag||null!=t&&t!=o.priority)}),gform.hooks[o][r]=e)}});\n\/* ]]> *\/\n<\/script>\n\n                <div class='gf_browser_gecko gform_wrapper gform_legacy_markup_wrapper gform-theme--no-framework' data-form-theme='legacy' data-form-index='0' id='gform_wrapper_4' ><div id='gf_4' class='gform_anchor' tabindex='-1'><\/div><form method='post' enctype='multipart\/form-data' target='gform_ajax_frame_4' id='gform_4'  action='\/de\/wp-json\/wp\/v2\/pages\/1370#gf_4' data-formid='4' novalidate>\n                        <div class='gform-body gform_body'><ul id='gform_fields_4' class='gform_fields top_label form_sublabel_below description_below validation_below'><li id=\"field_4_5\" class=\"gfield gfield--type-select gfield--input-type-select gfield--width-full gfield_contains_required field_sublabel_below gfield--no-description field_description_below field_validation_below gfield_visibility_visible\"  ><label class='gfield_label gform-field-label' for='input_4_5'>Privat oder gewerblich<span class=\"gfield_required\"><span class=\"gfield_required gfield_required_asterisk\">*<\/span><\/span><\/label><div class='ginput_container ginput_container_select'><select name='input_5' id='input_4_5' class='medium gfield_select'    aria-required=\"true\" aria-invalid=\"false\" ><option value='' selected='selected' class='gf_placeholder'>Selecteer<\/option><option value='Privat' >Privat<\/option><option value='Gewerblich' >Gewerblich<\/option><\/select><\/div><\/li><li id=\"field_4_7\" class=\"gfield gfield--type-text gfield--input-type-text gfield--width-full gfield_contains_required field_sublabel_below gfield--no-description field_description_below field_validation_below gfield_visibility_visible\"  ><label class='gfield_label gform-field-label' for='input_4_7'>Name<span class=\"gfield_required\"><span class=\"gfield_required gfield_required_asterisk\">*<\/span><\/span><\/label><div class='ginput_container ginput_container_text'><input name='input_7' id='input_4_7' type='text' value='' class='medium'     aria-required=\"true\" aria-invalid=\"false\"   \/><\/div><\/li><li id=\"field_4_2\" class=\"gfield gfield--type-email gfield--input-type-email gfield_contains_required field_sublabel_below gfield--no-description field_description_below field_validation_below gfield_visibility_visible\"  ><label class='gfield_label gform-field-label' for='input_4_2'>E-mail<span class=\"gfield_required\"><span class=\"gfield_required gfield_required_asterisk\">*<\/span><\/span><\/label><div class='ginput_container ginput_container_email'>\n                            <input name='input_2' id='input_4_2' type='email' value='' class='medium'    aria-required=\"true\" aria-invalid=\"false\"  \/>\n                        <\/div><\/li><li id=\"field_4_3\" class=\"gfield gfield--type-text gfield--input-type-text gfield_contains_required field_sublabel_below gfield--no-description field_description_below field_validation_below gfield_visibility_visible\"  ><label class='gfield_label gform-field-label' for='input_4_3'>Telefonnummer<span class=\"gfield_required\"><span class=\"gfield_required gfield_required_asterisk\">*<\/span><\/span><\/label><div class='ginput_container ginput_container_text'><input name='input_3' id='input_4_3' type='text' value='' class='medium'     aria-required=\"true\" aria-invalid=\"false\"   \/><\/div><\/li><li id=\"field_4_4\" class=\"gfield gfield--type-textarea gfield--input-type-textarea full-item field_sublabel_below gfield--no-description field_description_below field_validation_below gfield_visibility_visible\"  ><label class='gfield_label gform-field-label screen-reader-text' for='input_4_4'>Geben Sie hier Ihre Nachricht ein<\/label><div class='ginput_container ginput_container_textarea'><textarea name='input_4' id='input_4_4' class='textarea medium'    placeholder='Geben Sie hier Ihre Nachricht ein'  aria-invalid=\"false\"   rows='10' cols='50'><\/textarea><\/div><\/li><\/ul><\/div>\n        <div class='gform-footer gform_footer top_label'> <input type='submit' id='gform_submit_button_4' class='gform_button button' onclick='gform.submission.handleButtonClick(this);' data-submission-type='submit' value='\u2192 NACHRICHT SENDEN'  \/> <input type='hidden' name='gform_ajax' value='form_id=4&amp;title=&amp;description=&amp;tabindex=0&amp;theme=legacy&amp;styles=[]&amp;hash=a765bc8773034f2d09b3403b04b31768' \/>\n            <input type='hidden' class='gform_hidden' name='gform_submission_method' data-js='gform_submission_method_4' value='iframe' \/>\n            <input type='hidden' class='gform_hidden' name='gform_theme' data-js='gform_theme_4' id='gform_theme_4' value='legacy' \/>\n            <input type='hidden' class='gform_hidden' name='gform_style_settings' data-js='gform_style_settings_4' id='gform_style_settings_4' value='[]' \/>\n            <input type='hidden' class='gform_hidden' name='is_submit_4' value='1' \/>\n            <input type='hidden' class='gform_hidden' name='gform_submit' value='4' \/>\n            \n            <input type='hidden' class='gform_hidden' name='gform_currency' data-currency='USD' value='duU9cLZtlVJdNAeRER82dOd\/YbcYLDuIZ9796ybV6wGXo1iSUWBBj+6kTnPTfezgxFcdM1K+rgJ2r7sZGoTSU2MduYZeieAzGJDLMnbdoo8uYew=' \/>\n            <input type='hidden' class='gform_hidden' name='gform_unique_id' value='' \/>\n            <input type='hidden' class='gform_hidden' name='state_4' value='WyJ7XCI1XCI6W1wiZTcwZTY1ODIzZjkzMTgzMjA5ZWIwZDJiNDk5MjZhZjlcIixcImVmYjhhZWI0Y2ZlYTQ0MjVjYTMzMDljOTMwNDlkMjQ3XCJdfSIsIjgwYjRjNTYxY2M4MzQ3YjE4MWU0NzY4OWZkNGFjMDYwIl0=' \/>\n            <input type='hidden' autocomplete='off' class='gform_hidden' name='gform_target_page_number_4' id='gform_target_page_number_4' value='0' \/>\n            <input type='hidden' autocomplete='off' class='gform_hidden' name='gform_source_page_number_4' id='gform_source_page_number_4' value='1' \/>\n            <input type='hidden' name='gform_field_values' value='' \/>\n            \n        <\/div>\n                        <input type=\"hidden\" id=\"ct_checkjs_5ef698cd9fe650923ea331c15af3b160\" name=\"ct_checkjs\" value=\"0\" \/><script >setTimeout(function(){var ct_input_name = \"ct_checkjs_5ef698cd9fe650923ea331c15af3b160\";if (document.getElementById(ct_input_name) !== null) {var ct_input_value = document.getElementById(ct_input_name).value;document.getElementById(ct_input_name).value = document.getElementById(ct_input_name).value.replace(ct_input_value, '343183186');}}, 1000);<\/script><input\n                    class=\"apbct_special_field apbct_email_id__gravity_form\"\n                    name=\"apbct__email_id__gravity_form\"\n                    aria-label=\"apbct__label_id__gravity_form\"\n                    type=\"text\" size=\"30\" maxlength=\"200\" autocomplete=\"off\"\n                    value=\"\"\n                \/><p style=\"display: none !important;\" class=\"akismet-fields-container\" data-prefix=\"ak_\"><label>&#916;<textarea name=\"ak_hp_textarea\" cols=\"45\" rows=\"8\" maxlength=\"100\"><\/textarea><\/label><input type=\"hidden\" id=\"ak_js_1\" name=\"ak_js\" value=\"201\"\/><script>document.getElementById( \"ak_js_1\" ).setAttribute( \"value\", ( new Date() ).getTime() );<\/script><\/p><\/form>\n                        <\/div>\n\t\t                <iframe style='display:none;width:0px;height:0px;' src='about:blank' name='gform_ajax_frame_4' id='gform_ajax_frame_4' title='Dieser iframe enth\u00e4lt die erforderliche Logik um Gravity Forms Formulare mit AJAX zu handhaben.'><\/iframe>\n\t\t                <script type=\"text\/javascript\">\n\/* <![CDATA[ *\/\n gform.initializeOnLoaded( function() {gformInitSpinner( 4, 'https:\/\/isopur.nl\/wp-content\/plugins\/gravityforms\/images\/spinner.svg', true );jQuery('#gform_ajax_frame_4').on('load',function(){var contents = jQuery(this).contents().find('*').html();var is_postback = contents.indexOf('GF_AJAX_POSTBACK') >= 0;if(!is_postback){return;}var form_content = jQuery(this).contents().find('#gform_wrapper_4');var is_confirmation = jQuery(this).contents().find('#gform_confirmation_wrapper_4').length > 0;var is_redirect = contents.indexOf('gformRedirect(){') >= 0;var is_form = form_content.length > 0 && ! is_redirect && ! is_confirmation;var mt = parseInt(jQuery('html').css('margin-top'), 10) + parseInt(jQuery('body').css('margin-top'), 10) + 100;if(is_form){jQuery('#gform_wrapper_4').html(form_content.html());if(form_content.hasClass('gform_validation_error')){jQuery('#gform_wrapper_4').addClass('gform_validation_error');} else {jQuery('#gform_wrapper_4').removeClass('gform_validation_error');}setTimeout( function() { \/* delay the scroll by 50 milliseconds to fix a bug in chrome *\/ jQuery(document).scrollTop(jQuery('#gform_wrapper_4').offset().top - mt); }, 50 );if(window['gformInitDatepicker']) {gformInitDatepicker();}if(window['gformInitPriceFields']) {gformInitPriceFields();}var current_page = jQuery('#gform_source_page_number_4').val();gformInitSpinner( 4, 'https:\/\/isopur.nl\/wp-content\/plugins\/gravityforms\/images\/spinner.svg', true );jQuery(document).trigger('gform_page_loaded', [4, current_page]);window['gf_submitting_4'] = false;}else if(!is_redirect){var confirmation_content = jQuery(this).contents().find('.GF_AJAX_POSTBACK').html();if(!confirmation_content){confirmation_content = contents;}jQuery('#gform_wrapper_4').replaceWith(confirmation_content);jQuery(document).scrollTop(jQuery('#gf_4').offset().top - mt);jQuery(document).trigger('gform_confirmation_loaded', [4]);window['gf_submitting_4'] = false;wp.a11y.speak(jQuery('#gform_confirmation_message_4').text());}else{jQuery('#gform_4').append(contents);if(window['gformRedirect']) {gformRedirect();}}jQuery(document).trigger(\"gform_pre_post_render\", [{ formId: \"4\", currentPage: \"current_page\", abort: function() { this.preventDefault(); } }]);        if (event && event.defaultPrevented) {                return;        }        const gformWrapperDiv = document.getElementById( \"gform_wrapper_4\" );        if ( gformWrapperDiv ) {            const visibilitySpan = document.createElement( \"span\" );            visibilitySpan.id = \"gform_visibility_test_4\";            gformWrapperDiv.insertAdjacentElement( \"afterend\", visibilitySpan );        }        const visibilityTestDiv = document.getElementById( \"gform_visibility_test_4\" );        let postRenderFired = false;        function triggerPostRender() {            if ( postRenderFired ) {                return;            }            postRenderFired = true;            gform.core.triggerPostRenderEvents( 4, current_page );            if ( visibilityTestDiv ) {                visibilityTestDiv.parentNode.removeChild( visibilityTestDiv );            }        }        function debounce( func, wait, immediate ) {            var timeout;            return function() {                var context = this, args = arguments;                var later = function() {                    timeout = null;                    if ( !immediate ) func.apply( context, args );                };                var callNow = immediate && !timeout;                clearTimeout( timeout );                timeout = setTimeout( later, wait );                if ( callNow ) func.apply( context, args );            };        }        const debouncedTriggerPostRender = debounce( function() {            triggerPostRender();        }, 200 );        if ( visibilityTestDiv && visibilityTestDiv.offsetParent === null ) {            const observer = new MutationObserver( ( mutations ) => {                mutations.forEach( ( mutation ) => {                    if ( mutation.type === 'attributes' && visibilityTestDiv.offsetParent !== null ) {                        debouncedTriggerPostRender();                        observer.disconnect();                    }                });            });            observer.observe( document.body, {                attributes: true,                childList: false,                subtree: true,                attributeFilter: [ 'style', 'class' ],            });        } else {            triggerPostRender();        }    } );} ); \n\/* ]]> *\/\n<\/script>\n\r\n                    <div class=\"contact-items\">\r\n                        <ul>\r\n                                                        <li class=\"phone\"><a href=\"tel:+31 (0)488-454647\">+31 (0)488-454647<\/a><\/li>\r\n                                                                                    <li class=\"mail\"><a href=\"mailto:in**@****ur.nl\" data-original-string=\"gzy4oh92M7uwwGOksWQluA==d57N5uBVWsjIz6O\/OU9lEaoMA==\" title=\"Dieser Kontakt wurde von Anti-Spam by CleanTalk verschl\u00fcsselt. Klicken Sie hier, um ihn zu entschl\u00fcsseln. Um die Entschl\u00fcsselung abzuschlie\u00dfen, stellen Sie sicher, dass JavaScript in Ihrem Browser aktiviert ist.\"><span \n                data-original-string='n6SvdPkRWqSQJtYn9m3CIA==d57zUAihEVORLIuo0cK+Z3h2w=='\n                class='apbct-email-encoder'\n                title='Dieser Kontakt wurde von Anti-Spam by CleanTalk verschl\u00fcsselt. Klicken Sie hier, um ihn zu entschl\u00fcsseln. Um die Entschl\u00fcsselung abzuschlie\u00dfen, stellen Sie sicher, dass JavaScript in Ihrem Browser aktiviert ist.'>in<span class=\"apbct-blur\">**<\/span>@<span class=\"apbct-blur\">****<\/span>ur.nl<\/span><\/a><\/li>\r\n                                                    <\/ul>\r\n                    <\/div><!--end of contact-items-->\r\n\r\n                <\/div><!--end of form-wrap-->\r\n            <\/div><!--end of inner-->\r\n        <\/div><!--end of full-form-module-->  \t \r\n\t\t\t\r\n","protected":false},"excerpt":{"rendered":"","protected":false},"author":3,"featured_media":0,"parent":0,"menu_order":0,"comment_status":"closed","ping_status":"closed","template":"","meta":{"footnotes":""},"class_list":["post-1370","page","type-page","status-publish","hentry"],"acf":[],"_links":{"self":[{"href":"https:\/\/isopur.nl\/de\/wp-json\/wp\/v2\/pages\/1370","targetHints":{"allow":["GET"]}}],"collection":[{"href":"https:\/\/isopur.nl\/de\/wp-json\/wp\/v2\/pages"}],"about":[{"href":"https:\/\/isopur.nl\/de\/wp-json\/wp\/v2\/types\/page"}],"author":[{"embeddable":true,"href":"https:\/\/isopur.nl\/de\/wp-json\/wp\/v2\/users\/3"}],"replies":[{"embeddable":true,"href":"https:\/\/isopur.nl\/de\/wp-json\/wp\/v2\/comments?post=1370"}],"version-history":[{"count":12,"href":"https:\/\/isopur.nl\/de\/wp-json\/wp\/v2\/pages\/1370\/revisions"}],"predecessor-version":[{"id":1530,"href":"https:\/\/isopur.nl\/de\/wp-json\/wp\/v2\/pages\/1370\/revisions\/1530"}],"wp:attachment":[{"href":"https:\/\/isopur.nl\/de\/wp-json\/wp\/v2\/media?parent=1370"}],"curies":[{"name":"wp","href":"https:\/\/api.w.org\/{rel}","templated":true}]}}