{"id":1412,"date":"2025-12-13T19:12:34","date_gmt":"2025-12-13T19:12:34","guid":{"rendered":"https:\/\/isopur.nl\/vloerisolatie\/"},"modified":"2025-12-31T11:01:21","modified_gmt":"2025-12-31T11:01:21","slug":"bodenisolierung","status":"publish","type":"page","link":"https:\/\/isopur.nl\/de\/bodenisolierung\/","title":{"rendered":"Bodenisolierung"},"content":{"rendered":"        <div class=\"featured-module \">\r\n            <div class=\"img-wrap webp\" style=\"background-image: url(https:\/\/isopur.nl\/wp-content\/uploads\/2025\/11\/WhatsApp-Image-2025-10-25-at-04.33.25.webp);\"><\/div><!--end of top-img--><div class=\"img-wrap\" style=\"background-image: url(https:\/\/isopur.nl\/wp-content\/uploads\/2025\/11\/WhatsApp-Image-2025-10-25-at-04.33.25.jpeg);\"><\/div><!--end of top-img--> \r\n            <div class=\"inner cf\">\r\n                <div class=\"text-wrap\">\r\n                    <h1>Bodenisolierung<\/h1>\n<p data-start=\"200\" data-end=\"552\">Eine gut isolierte Bodenfl\u00e4che tr\u00e4gt wesentlich zum Wohnkomfort und zur Energieeffizienz eines Geb\u00e4udes bei. Isopur realisiert <strong data-start=\"327\" data-end=\"361\">Bodenisolierung mit PUR-Schaum<\/strong>, indem <strong data-start=\"369\" data-end=\"390\">PUR-Isolierschaum<\/strong> fugenlos an der Unterseite der Erdgeschossdecke aufgetragen wird. Dadurch entsteht eine wirksame Barriere zwischen dem Kriechkeller und dem Wohnklima im Geb\u00e4ude.<\/p>\n<p data-start=\"554\" data-end=\"695\">Die Bodenisolierung eignet sich besonders f\u00fcr Bestandsgeb\u00e4ude und wird h\u00e4ufig im Rahmen von Renovierungs- und Sanierungsma\u00dfnahmen eingesetzt.<\/p>\n<p data-start=\"697\" data-end=\"757\">\n                            <div class=\"btns-wrap\">\r\n                                 \t\t\r\n\t\t<div class=\"btn default\">\t\t\t\t\t\t\t\t\t\t\t\t\t\t\t\t\t\t\t\t\t\t\t\t\t\t\t\t\t\t\r\n\t\t\t<a href=\"https:\/\/isopur.nl\/de\/contact\/\" target=\"_self\" >Angebot anfordern<\/a>\t\t\t\t\t\t\t\t\t\t\t\t\r\n\t\t<\/div>\r\n\t \t\t\r\n\t\t<div class=\"btn default\">\t\t\t\t\t\t\t\t\t\t\t\t\t\t\t\t\t\t\t\t\t\t\t\t\t\t\t\t\t\t\r\n\t\t\t<a href=\"https:\/\/isopur.nl\/de\/projecten\/\" target=\"_self\" >Projekte ansehen<\/a>\t\t\t\t\t\t\t\t\t\t\t\t\r\n\t\t<\/div>\r\n\t                            <\/div><!--end of btns-wrap-->\r\n                                        <\/div><!--end of text-wrap-->\r\n            <\/div><!--end of inner-->\r\n                    <\/div><!--end of featured-module-->\t \r\n\t\t\t\r\n\n\n\t\t<div class=\"column-text-module\">\r\n            <div class=\"inner cf\">\r\n                <div class=\"title\">\r\n                    <h2>Warum eine Bodenisolierung?<\/h2>\r\n                <\/div><!--end of title-->\r\n\r\n                <div class=\"items-wrap cf\">\r\n\t\t\t\t\t                    <div class=\"item\">\r\n                        <p data-start=\"796\" data-end=\"1042\">Viele Wohngeb\u00e4ude verlieren W\u00e4rme \u00fcber den Boden. Zus\u00e4tzlich f\u00fchren Feuchtigkeit und kalte Luft aus dem Kriechkeller h\u00e4ufig zu einem unangenehmen Raumklima. Durch die Isolierung von B\u00f6den mit PUR-Schaum werden diese Probleme dauerhaft gel\u00f6st.<\/p>\n<p data-start=\"1044\" data-end=\"1213\">Bodenisolierung:<br data-start=\"1060\" data-end=\"1063\" \/>\u2013 reduziert W\u00e4rmeverluste<br data-start=\"1088\" data-end=\"1091\" \/>\u2013 verhindert aufsteigende Feuchtigkeit<br data-start=\"1129\" data-end=\"1132\" \/>\u2013 minimiert Zugluft und kalte B\u00f6den<br data-start=\"1167\" data-end=\"1170\" \/>\u2013 tr\u00e4gt zu einem stabileren Raumklima bei<\/p>\n<p data-start=\"1220\" data-end=\"1260\"><strong>Bodenisolierung mit PUR-Isolierschaum<br \/>\n<\/strong>Bei der Bodenisolierung wird der PUR-Schaum direkt an der Unterseite der Boden- und Deckenkonstruktion sowie entlang der Fundamentbalken aufgebracht. Der Schaum expandiert, haftet unmittelbar am Untergrund und bildet eine geschlossene Isolationsschicht ohne Fugen oder Spalten.<\/p>\n<p data-start=\"1541\" data-end=\"1747\">Dank der geschlossenen Zellstruktur ist PUR-Isolierung feuchtigkeitsbest\u00e4ndig und beh\u00e4lt ihre D\u00e4mmwirkung langfristig bei \u2013 auch bei hoher Luftfeuchtigkeit oder wechselnden Temperaturen im Kriechkeller.<\/p>\n\t\t\t\t\t<\/div><!--end of item-->\r\n\t\t\t\t\t                    <div class=\"item\">\r\n                        <p data-start=\"1754\" data-end=\"1809\"><strong>F\u00fcr welche Geb\u00e4ude ist die Bodenisolierung geeignet?<br \/>\n<\/strong>Die Bodenisolierung mit PUR-Schaum eignet sich f\u00fcr viele Geb\u00e4udetypen mit zug\u00e4nglichem Kriechkeller, darunter:<\/p>\n<p data-start=\"1923\" data-end=\"2091\">\u2013 bestehende Einfamilienh\u00e4user<br data-start=\"1953\" data-end=\"1956\" \/>\u2013 \u00e4ltere Geb\u00e4ude mit kalten B\u00f6den<br data-start=\"1989\" data-end=\"1992\" \/>\u2013 Wohngeb\u00e4ude mit Feuchtigkeitsproblemen im Kriechkeller<br data-start=\"2048\" data-end=\"2051\" \/>\u2013 Renovierungs- und Sanierungsprojekte<\/p>\n<p data-start=\"2093\" data-end=\"2204\">Auch bei begrenztem Platz oder schwer zug\u00e4nglichen Bereichen bietet PUR-Schaum eine effektive Isolationsl\u00f6sung.<\/p>\n<p><strong>Vorteile von PUR-Schaum bei der Bodenisolierung<br \/>\n<\/strong>\u2013 Fugenlose Isolierung ohne W\u00e4rmebr\u00fccken<br data-start=\"2303\" data-end=\"2306\" \/>\u2013 Feuchtigkeitsbest\u00e4ndig und wasserabweisend<br data-start=\"2350\" data-end=\"2353\" \/>\u2013 Schnelle Verarbeitung mit minimaler Beeintr\u00e4chtigung<br data-start=\"2407\" data-end=\"2410\" \/>\u2013 Langlebige, nachhaltige Isolationsl\u00f6sung<br data-start=\"2452\" data-end=\"2455\" \/>\u2013 Haftet zuverl\u00e4ssig auf Holz, Beton und Stahl<\/p>\n<p data-start=\"2510\" data-end=\"2532\"><strong>Unsere Arbeitsweise<br \/>\n<\/strong>Nach einer sorgf\u00e4ltigen Beurteilung des Kriechkellers und der Bodenstruktur tragen wir den PUR-Schaum fachgerecht auf. Die Isolierung h\u00e4rtet schnell aus und bildet sofort eine stabile Isolationsschicht. Bei Bedarf kann die Isolierung mit einer sch\u00fctzenden Beschichtung versehen werden.<\/p>\n<p data-start=\"2826\" data-end=\"2873\"><strong>Mehr Wohnkomfort und geringere Energiekosten<\/strong><br \/>\nMit der Bodenisolierung von Isopur steigern Sie den Wohnkomfort und reduzieren unn\u00f6tige Energieverluste nachhaltig.<\/p>\n\t\t\t\t\t<\/div><!--end of item-->\r\n\t\t\t\t\t                <\/div><!--end of items-wrap-->\r\n            <\/div><!--end of inner-->\r\n        <\/div><!--end of column-text-module-->  \t \r\n\t\t\t\r\n\n\n        <div class=\"full-form-module\">\r\n            <div class=\"inner cf\">\r\n                <div class=\"title\">\r\n                    <h2>Unverbindliches Angebot erhalten<\/h2>\r\n                <\/div><!--end of title-->\r\n\r\n                <div class=\"form-wrap\">\r\n                    <script type=\"text\/javascript\">\n\/* <![CDATA[ *\/\nvar gform;gform||(document.addEventListener(\"gform_main_scripts_loaded\",function(){gform.scriptsLoaded=!0}),document.addEventListener(\"gform\/theme\/scripts_loaded\",function(){gform.themeScriptsLoaded=!0}),window.addEventListener(\"DOMContentLoaded\",function(){gform.domLoaded=!0}),gform={domLoaded:!1,scriptsLoaded:!1,themeScriptsLoaded:!1,isFormEditor:()=>\"function\"==typeof InitializeEditor,callIfLoaded:function(o){return!(!gform.domLoaded||!gform.scriptsLoaded||!gform.themeScriptsLoaded&&!gform.isFormEditor()||(gform.isFormEditor()&&console.warn(\"The use of gform.initializeOnLoaded() is deprecated in the form editor context and will be removed in Gravity Forms 3.1.\"),o(),0))},initializeOnLoaded:function(o){gform.callIfLoaded(o)||(document.addEventListener(\"gform_main_scripts_loaded\",()=>{gform.scriptsLoaded=!0,gform.callIfLoaded(o)}),document.addEventListener(\"gform\/theme\/scripts_loaded\",()=>{gform.themeScriptsLoaded=!0,gform.callIfLoaded(o)}),window.addEventListener(\"DOMContentLoaded\",()=>{gform.domLoaded=!0,gform.callIfLoaded(o)}))},hooks:{action:{},filter:{}},addAction:function(o,r,e,t){gform.addHook(\"action\",o,r,e,t)},addFilter:function(o,r,e,t){gform.addHook(\"filter\",o,r,e,t)},doAction:function(o){gform.doHook(\"action\",o,arguments)},applyFilters:function(o){return gform.doHook(\"filter\",o,arguments)},removeAction:function(o,r){gform.removeHook(\"action\",o,r)},removeFilter:function(o,r,e){gform.removeHook(\"filter\",o,r,e)},addHook:function(o,r,e,t,n){null==gform.hooks[o][r]&&(gform.hooks[o][r]=[]);var d=gform.hooks[o][r];null==n&&(n=r+\"_\"+d.length),gform.hooks[o][r].push({tag:n,callable:e,priority:t=null==t?10:t})},doHook:function(r,o,e){var t;if(e=Array.prototype.slice.call(e,1),null!=gform.hooks[r][o]&&((o=gform.hooks[r][o]).sort(function(o,r){return o.priority-r.priority}),o.forEach(function(o){\"function\"!=typeof(t=o.callable)&&(t=window[t]),\"action\"==r?t.apply(null,e):e[0]=t.apply(null,e)})),\"filter\"==r)return e[0]},removeHook:function(o,r,t,n){var e;null!=gform.hooks[o][r]&&(e=(e=gform.hooks[o][r]).filter(function(o,r,e){return!!(null!=n&&n!=o.tag||null!=t&&t!=o.priority)}),gform.hooks[o][r]=e)}});\n\/* ]]> *\/\n<\/script>\n\n                <div class='gf_browser_gecko gform_wrapper gform_legacy_markup_wrapper gform-theme--no-framework' data-form-theme='legacy' data-form-index='0' id='gform_wrapper_4' ><div id='gf_4' class='gform_anchor' tabindex='-1'><\/div><form method='post' enctype='multipart\/form-data' target='gform_ajax_frame_4' id='gform_4'  action='\/de\/wp-json\/wp\/v2\/pages\/1412#gf_4' data-formid='4' novalidate>\n                        <div class='gform-body gform_body'><ul id='gform_fields_4' class='gform_fields top_label form_sublabel_below description_below validation_below'><li id=\"field_4_5\" class=\"gfield gfield--type-select gfield--input-type-select gfield--width-full gfield_contains_required field_sublabel_below gfield--no-description field_description_below field_validation_below gfield_visibility_visible\"  ><label class='gfield_label gform-field-label' for='input_4_5'>Privat oder gewerblich<span class=\"gfield_required\"><span class=\"gfield_required gfield_required_asterisk\">*<\/span><\/span><\/label><div class='ginput_container ginput_container_select'><select name='input_5' id='input_4_5' class='medium gfield_select'    aria-required=\"true\" aria-invalid=\"false\" ><option value='' selected='selected' class='gf_placeholder'>Selecteer<\/option><option value='Privat' >Privat<\/option><option value='Gewerblich' >Gewerblich<\/option><\/select><\/div><\/li><li id=\"field_4_7\" class=\"gfield gfield--type-text gfield--input-type-text gfield--width-full gfield_contains_required field_sublabel_below gfield--no-description field_description_below field_validation_below gfield_visibility_visible\"  ><label class='gfield_label gform-field-label' for='input_4_7'>Name<span class=\"gfield_required\"><span class=\"gfield_required gfield_required_asterisk\">*<\/span><\/span><\/label><div class='ginput_container ginput_container_text'><input name='input_7' id='input_4_7' type='text' value='' class='medium'     aria-required=\"true\" aria-invalid=\"false\"   \/><\/div><\/li><li id=\"field_4_2\" class=\"gfield gfield--type-email gfield--input-type-email gfield_contains_required field_sublabel_below gfield--no-description field_description_below field_validation_below gfield_visibility_visible\"  ><label class='gfield_label gform-field-label' for='input_4_2'>E-mail<span class=\"gfield_required\"><span class=\"gfield_required gfield_required_asterisk\">*<\/span><\/span><\/label><div class='ginput_container ginput_container_email'>\n                            <input name='input_2' id='input_4_2' type='email' value='' class='medium'    aria-required=\"true\" aria-invalid=\"false\"  \/>\n                        <\/div><\/li><li id=\"field_4_3\" class=\"gfield gfield--type-text gfield--input-type-text gfield_contains_required field_sublabel_below gfield--no-description field_description_below field_validation_below gfield_visibility_visible\"  ><label class='gfield_label gform-field-label' for='input_4_3'>Telefonnummer<span class=\"gfield_required\"><span class=\"gfield_required gfield_required_asterisk\">*<\/span><\/span><\/label><div class='ginput_container ginput_container_text'><input name='input_3' id='input_4_3' type='text' value='' class='medium'     aria-required=\"true\" aria-invalid=\"false\"   \/><\/div><\/li><li id=\"field_4_4\" class=\"gfield gfield--type-textarea gfield--input-type-textarea full-item field_sublabel_below gfield--no-description field_description_below field_validation_below gfield_visibility_visible\"  ><label class='gfield_label gform-field-label screen-reader-text' for='input_4_4'>Geben Sie hier Ihre Nachricht ein<\/label><div class='ginput_container ginput_container_textarea'><textarea name='input_4' id='input_4_4' class='textarea medium'    placeholder='Geben Sie hier Ihre Nachricht ein'  aria-invalid=\"false\"   rows='10' cols='50'><\/textarea><\/div><\/li><\/ul><\/div>\n        <div class='gform-footer gform_footer top_label'> <input type='submit' id='gform_submit_button_4' class='gform_button button' onclick='gform.submission.handleButtonClick(this);' data-submission-type='submit' value='\u2192 NACHRICHT SENDEN'  \/> <input type='hidden' name='gform_ajax' value='form_id=4&amp;title=&amp;description=&amp;tabindex=0&amp;theme=legacy&amp;styles=[]&amp;hash=a765bc8773034f2d09b3403b04b31768' \/>\n            <input type='hidden' class='gform_hidden' name='gform_submission_method' data-js='gform_submission_method_4' value='iframe' \/>\n            <input type='hidden' class='gform_hidden' name='gform_theme' data-js='gform_theme_4' id='gform_theme_4' value='legacy' \/>\n            <input type='hidden' class='gform_hidden' name='gform_style_settings' data-js='gform_style_settings_4' id='gform_style_settings_4' value='[]' \/>\n            <input type='hidden' class='gform_hidden' name='is_submit_4' value='1' \/>\n            <input type='hidden' class='gform_hidden' name='gform_submit' value='4' \/>\n            \n            <input type='hidden' class='gform_hidden' name='gform_currency' data-currency='USD' value='wv74EsnFXhGJQCiZYY\/enRr++1QlciuF0n6BShH8qbd03PyYFE2+7\/0+rFvzlHI7s7rftQEZ+H7woPixA+PY0+HeE+9DW2tL0irvTdt2FSO6sfQ=' \/>\n            <input type='hidden' class='gform_hidden' name='gform_unique_id' value='' \/>\n            <input type='hidden' class='gform_hidden' name='state_4' value='WyJ7XCI1XCI6W1wiZTcwZTY1ODIzZjkzMTgzMjA5ZWIwZDJiNDk5MjZhZjlcIixcImVmYjhhZWI0Y2ZlYTQ0MjVjYTMzMDljOTMwNDlkMjQ3XCJdfSIsIjgwYjRjNTYxY2M4MzQ3YjE4MWU0NzY4OWZkNGFjMDYwIl0=' \/>\n            <input type='hidden' autocomplete='off' class='gform_hidden' name='gform_target_page_number_4' id='gform_target_page_number_4' value='0' \/>\n            <input type='hidden' autocomplete='off' class='gform_hidden' name='gform_source_page_number_4' id='gform_source_page_number_4' value='1' \/>\n            <input type='hidden' name='gform_field_values' value='' \/>\n            \n        <\/div>\n                        <input type=\"hidden\" id=\"ct_checkjs_b7ee6f5f9aa5cd17ca1aea43ce848496\" name=\"ct_checkjs\" value=\"0\" \/><script >setTimeout(function(){var ct_input_name = \"ct_checkjs_b7ee6f5f9aa5cd17ca1aea43ce848496\";if (document.getElementById(ct_input_name) !== null) {var ct_input_value = document.getElementById(ct_input_name).value;document.getElementById(ct_input_name).value = document.getElementById(ct_input_name).value.replace(ct_input_value, '1533690156');}}, 1000);<\/script><input\n                    class=\"apbct_special_field apbct_email_id__gravity_form\"\n                    name=\"apbct__email_id__gravity_form\"\n                    aria-label=\"apbct__label_id__gravity_form\"\n                    type=\"text\" size=\"30\" maxlength=\"200\" autocomplete=\"off\"\n                    value=\"\"\n                \/><p style=\"display: none !important;\" class=\"akismet-fields-container\" data-prefix=\"ak_\"><label>&#916;<textarea name=\"ak_hp_textarea\" cols=\"45\" rows=\"8\" maxlength=\"100\"><\/textarea><\/label><input type=\"hidden\" id=\"ak_js_1\" name=\"ak_js\" value=\"95\"\/><script>document.getElementById( \"ak_js_1\" ).setAttribute( \"value\", ( new Date() ).getTime() );<\/script><\/p><\/form>\n                        <\/div>\n\t\t                <iframe style='display:none;width:0px;height:0px;' src='about:blank' name='gform_ajax_frame_4' id='gform_ajax_frame_4' title='Dieser iframe enth\u00e4lt die erforderliche Logik um Gravity Forms Formulare mit AJAX zu handhaben.'><\/iframe>\n\t\t                <script type=\"text\/javascript\">\n\/* <![CDATA[ *\/\n gform.initializeOnLoaded( function() {gformInitSpinner( 4, 'https:\/\/isopur.nl\/wp-content\/plugins\/gravityforms\/images\/spinner.svg', true );jQuery('#gform_ajax_frame_4').on('load',function(){var contents = jQuery(this).contents().find('*').html();var is_postback = contents.indexOf('GF_AJAX_POSTBACK') >= 0;if(!is_postback){return;}var form_content = jQuery(this).contents().find('#gform_wrapper_4');var is_confirmation = jQuery(this).contents().find('#gform_confirmation_wrapper_4').length > 0;var is_redirect = contents.indexOf('gformRedirect(){') >= 0;var is_form = form_content.length > 0 && ! is_redirect && ! is_confirmation;var mt = parseInt(jQuery('html').css('margin-top'), 10) + parseInt(jQuery('body').css('margin-top'), 10) + 100;if(is_form){jQuery('#gform_wrapper_4').html(form_content.html());if(form_content.hasClass('gform_validation_error')){jQuery('#gform_wrapper_4').addClass('gform_validation_error');} else {jQuery('#gform_wrapper_4').removeClass('gform_validation_error');}setTimeout( function() { \/* delay the scroll by 50 milliseconds to fix a bug in chrome *\/ jQuery(document).scrollTop(jQuery('#gform_wrapper_4').offset().top - mt); }, 50 );if(window['gformInitDatepicker']) {gformInitDatepicker();}if(window['gformInitPriceFields']) {gformInitPriceFields();}var current_page = jQuery('#gform_source_page_number_4').val();gformInitSpinner( 4, 'https:\/\/isopur.nl\/wp-content\/plugins\/gravityforms\/images\/spinner.svg', true );jQuery(document).trigger('gform_page_loaded', [4, current_page]);window['gf_submitting_4'] = false;}else if(!is_redirect){var confirmation_content = jQuery(this).contents().find('.GF_AJAX_POSTBACK').html();if(!confirmation_content){confirmation_content = contents;}jQuery('#gform_wrapper_4').replaceWith(confirmation_content);jQuery(document).scrollTop(jQuery('#gf_4').offset().top - mt);jQuery(document).trigger('gform_confirmation_loaded', [4]);window['gf_submitting_4'] = false;wp.a11y.speak(jQuery('#gform_confirmation_message_4').text());}else{jQuery('#gform_4').append(contents);if(window['gformRedirect']) {gformRedirect();}}jQuery(document).trigger(\"gform_pre_post_render\", [{ formId: \"4\", currentPage: \"current_page\", abort: function() { this.preventDefault(); } }]);        if (event && event.defaultPrevented) {                return;        }        const gformWrapperDiv = document.getElementById( \"gform_wrapper_4\" );        if ( gformWrapperDiv ) {            const visibilitySpan = document.createElement( \"span\" );            visibilitySpan.id = \"gform_visibility_test_4\";            gformWrapperDiv.insertAdjacentElement( \"afterend\", visibilitySpan );        }        const visibilityTestDiv = document.getElementById( \"gform_visibility_test_4\" );        let postRenderFired = false;        function triggerPostRender() {            if ( postRenderFired ) {                return;            }            postRenderFired = true;            gform.core.triggerPostRenderEvents( 4, current_page );            if ( visibilityTestDiv ) {                visibilityTestDiv.parentNode.removeChild( visibilityTestDiv );            }        }        function debounce( func, wait, immediate ) {            var timeout;            return function() {                var context = this, args = arguments;                var later = function() {                    timeout = null;                    if ( !immediate ) func.apply( context, args );                };                var callNow = immediate && !timeout;                clearTimeout( timeout );                timeout = setTimeout( later, wait );                if ( callNow ) func.apply( context, args );            };        }        const debouncedTriggerPostRender = debounce( function() {            triggerPostRender();        }, 200 );        if ( visibilityTestDiv && visibilityTestDiv.offsetParent === null ) {            const observer = new MutationObserver( ( mutations ) => {                mutations.forEach( ( mutation ) => {                    if ( mutation.type === 'attributes' && visibilityTestDiv.offsetParent !== null ) {                        debouncedTriggerPostRender();                        observer.disconnect();                    }                });            });            observer.observe( document.body, {                attributes: true,                childList: false,                subtree: true,                attributeFilter: [ 'style', 'class' ],            });        } else {            triggerPostRender();        }    } );} ); \n\/* ]]> *\/\n<\/script>\n\r\n                    <div class=\"contact-items\">\r\n                        <ul>\r\n                                                        <li class=\"phone\"><a href=\"tel:+31 (0)488-454647\">+31 (0)488-454647<\/a><\/li>\r\n                                                                                    <li class=\"mail\"><a href=\"mailto:in**@****ur.nl\" data-original-string=\"uJmRhXhNwRzH64gwbq7X8Q==d57eUySYGm2zShhOEzLyhZNRA==\" title=\"Dieser Kontakt wurde von Anti-Spam by CleanTalk verschl\u00fcsselt. Klicken Sie hier, um ihn zu entschl\u00fcsseln. Um die Entschl\u00fcsselung abzuschlie\u00dfen, stellen Sie sicher, dass JavaScript in Ihrem Browser aktiviert ist.\"><span \n                data-original-string='BhUeD\/uziul3M5wOihhs\/w==d57i1vfX14JpVQvOBQlopzXiQ=='\n                class='apbct-email-encoder'\n                title='Dieser Kontakt wurde von Anti-Spam by CleanTalk verschl\u00fcsselt. Klicken Sie hier, um ihn zu entschl\u00fcsseln. Um die Entschl\u00fcsselung abzuschlie\u00dfen, stellen Sie sicher, dass JavaScript in Ihrem Browser aktiviert ist.'>in<span class=\"apbct-blur\">**<\/span>@<span class=\"apbct-blur\">****<\/span>ur.nl<\/span><\/a><\/li>\r\n                                                    <\/ul>\r\n                    <\/div><!--end of contact-items-->\r\n\r\n                <\/div><!--end of form-wrap-->\r\n            <\/div><!--end of inner-->\r\n        <\/div><!--end of full-form-module-->  \t \r\n\t\t\t\r\n","protected":false},"excerpt":{"rendered":"","protected":false},"author":3,"featured_media":0,"parent":0,"menu_order":0,"comment_status":"closed","ping_status":"closed","template":"","meta":{"footnotes":""},"class_list":["post-1412","page","type-page","status-publish","hentry"],"acf":[],"_links":{"self":[{"href":"https:\/\/isopur.nl\/de\/wp-json\/wp\/v2\/pages\/1412","targetHints":{"allow":["GET"]}}],"collection":[{"href":"https:\/\/isopur.nl\/de\/wp-json\/wp\/v2\/pages"}],"about":[{"href":"https:\/\/isopur.nl\/de\/wp-json\/wp\/v2\/types\/page"}],"author":[{"embeddable":true,"href":"https:\/\/isopur.nl\/de\/wp-json\/wp\/v2\/users\/3"}],"replies":[{"embeddable":true,"href":"https:\/\/isopur.nl\/de\/wp-json\/wp\/v2\/comments?post=1412"}],"version-history":[{"count":8,"href":"https:\/\/isopur.nl\/de\/wp-json\/wp\/v2\/pages\/1412\/revisions"}],"predecessor-version":[{"id":1496,"href":"https:\/\/isopur.nl\/de\/wp-json\/wp\/v2\/pages\/1412\/revisions\/1496"}],"wp:attachment":[{"href":"https:\/\/isopur.nl\/de\/wp-json\/wp\/v2\/media?parent=1412"}],"curies":[{"name":"wp","href":"https:\/\/api.w.org\/{rel}","templated":true}]}}