{"id":1474,"date":"2025-12-13T20:07:40","date_gmt":"2025-12-13T20:07:40","guid":{"rendered":"https:\/\/isopur.nl\/opslagloodsen\/"},"modified":"2025-12-31T11:11:00","modified_gmt":"2025-12-31T11:11:00","slug":"lagerhallen","status":"publish","type":"page","link":"https:\/\/isopur.nl\/de\/lagerhallen\/","title":{"rendered":"Lagerhallen"},"content":{"rendered":"        <div class=\"featured-module \">\r\n            <div class=\"img-wrap webp\" style=\"background-image: url(https:\/\/isopur.nl\/wp-content\/uploads\/2025\/12\/WhatsApp-Image-2025-12-07-at-15.37.48-1.webp);\"><\/div><!--end of top-img--><div class=\"img-wrap\" style=\"background-image: url(https:\/\/isopur.nl\/wp-content\/uploads\/2025\/12\/WhatsApp-Image-2025-12-07-at-15.37.48-1.jpeg);\"><\/div><!--end of top-img--> \r\n            <div class=\"inner cf\">\r\n                <div class=\"text-wrap\">\r\n                    <h2 data-start=\"198\" data-end=\"227\">Isolierung von Lagerhallen<\/h2>\n<p data-start=\"229\" data-end=\"624\">Lagerhallen erfordern ein stabiles und zuverl\u00e4ssiges Innenklima, um gelagerte Waren optimal zu sch\u00fctzen. Isopur bietet <strong data-start=\"348\" data-end=\"393\">Isolierung von Lagerhallen mit PUR-Schaum<\/strong> f\u00fcr gewerbliche Anwendungen, bei denen Temperaturkontrolle, Feuchtigkeitsreduzierung und Langlebigkeit im Mittelpunkt stehen. Mit <strong data-start=\"524\" data-end=\"545\">PUR-Isolierschaum<\/strong> schaffen wir eine fugenlose Isolationsschicht, die langfristig wirksam bleibt.<\/p>\n<p data-start=\"626\" data-end=\"716\">Unsere Isolationsl\u00f6sungen eignen sich sowohl f\u00fcr neue als auch f\u00fcr bestehende Lagerhallen.<\/p>\n<p><!-- wp:acf\/featured-panel {\"name\":\"acf\/featured-panel\",\"data\":{\"image_only\":\"0\",\"_image_only\":\"field_6022a3916663c\",\"overlay_shape\":\"0\",\"_overlay_shape\":\"field_6022a44a47b99\",\"extended_image\":\"0\",\"_extended_image\":\"field_60239f9da0b13\",\"featured_image\":846,\"_featured_image\":\"field_602294539af9e\",\"featured_content\":\"\\u003ch1\\u003eVloerisolatie\\u003c\/h1\\u003e\\r\\nEen goed ge\u00efsoleerde vloer draagt direct bij aan het comfort en de energie-effici\u00ebntie van een woning. Isopur past \\u003cstrong\\u003evloerisolatie met purschuim\\u003c\/strong\\u003e toe door pur isolatie schuim naadloos aan te brengen aan de onderzijde van de begane grondvloer. Hierdoor ontstaat een effectieve barri\u00e8re tussen de kruipruimte en het leefklimaat in huis.\\r\\n\\r\\nVloerisolatie is met name geschikt voor bestaande woningen en wordt veel toegepast bij renovatie en verduurzaming.\",\"_featured_content\":\"field_602294679afa0\",\"links_0_link_link\":\"select\",\"_links_0_link_link\":\"field_6022947b9afa2_field_5bf298450687d\",\"links_0_link_link_label\":\"Offerte aanvragen\",\"_links_0_link_link_label\":\"field_6022947b9afa2_field_5bf2985b0687e\",\"links_0_link_select_postpage\":241,\"_links_0_link_select_postpage\":\"field_6022947b9afa2_field_5bf2987706881\",\"links_0_link_link_target\":\"_self\",\"_links_0_link_link_target\":\"field_6022947b9afa2_field_5bf2989006882\",\"links_0_link_link_style\":\"default\",\"_links_0_link_link_style\":\"field_6022947b9afa2_field_60229529400ed\",\"links_1_link_link\":\"select\",\"_links_1_link_link\":\"field_6022947b9afa2_field_5bf298450687d\",\"links_1_link_link_label\":\"Bekijk projecten\",\"_links_1_link_link_label\":\"field_6022947b9afa2_field_5bf2985b0687e\",\"links_1_link_select_postpage\":204,\"_links_1_link_select_postpage\":\"field_6022947b9afa2_field_5bf2987706881\",\"links_1_link_link_target\":\"_self\",\"_links_1_link_link_target\":\"field_6022947b9afa2_field_5bf2989006882\",\"links_1_link_link_style\":\"default\",\"_links_1_link_link_style\":\"field_6022947b9afa2_field_60229529400ed\",\"links\":2,\"_links\":\"field_602294729afa1\"},\"align\":\"full\",\"mode\":\"edit\"} \/--><\/p>\n                            <div class=\"btns-wrap\">\r\n                                 \t\t\r\n\t\t<div class=\"btn default\">\t\t\t\t\t\t\t\t\t\t\t\t\t\t\t\t\t\t\t\t\t\t\t\t\t\t\t\t\t\t\r\n\t\t\t<a href=\"https:\/\/isopur.nl\/de\/contact\/\" target=\"_self\" >Angebot anfordern<\/a>\t\t\t\t\t\t\t\t\t\t\t\t\r\n\t\t<\/div>\r\n\t \t\t\r\n\t\t<div class=\"btn default\">\t\t\t\t\t\t\t\t\t\t\t\t\t\t\t\t\t\t\t\t\t\t\t\t\t\t\t\t\t\t\r\n\t\t\t<a href=\"https:\/\/isopur.nl\/de\/projecten\/\" target=\"_self\" >Projekte ansehen<\/a>\t\t\t\t\t\t\t\t\t\t\t\t\r\n\t\t<\/div>\r\n\t                            <\/div><!--end of btns-wrap-->\r\n                                        <\/div><!--end of text-wrap-->\r\n            <\/div><!--end of inner-->\r\n                    <\/div><!--end of featured-module-->\t \r\n\t\t\t\r\n\n\n\t\t<div class=\"column-text-module\">\r\n            <div class=\"inner cf\">\r\n                <div class=\"title\">\r\n                    <h2>Warum die Isolierung von Lagerhallen?<\/h2>\r\n                <\/div><!--end of title-->\r\n\r\n                <div class=\"items-wrap cf\">\r\n\t\t\t\t\t                    <div class=\"item\">\r\n                        <p data-start=\"832\" data-end=\"1031\">In Lagerhallen k\u00f6nnen Temperaturschwankungen und Kondensbildung Sch\u00e4den an gelagerten Waren verursachen. Unzureichende Isolierung f\u00fchrt zudem zu unn\u00f6tigen Energieverlusten und h\u00f6heren Betriebskosten.<\/p>\n<p data-start=\"1033\" data-end=\"1060\">Isolierung von Lagerhallen:<\/p>\n<p data-start=\"1062\" data-end=\"1243\">\u2013 begrenzt Temperaturschwankungen<br data-start=\"1095\" data-end=\"1098\" \/>\u2013 verhindert Kondensbildung und Feuchtigkeitsprobleme<br data-start=\"1151\" data-end=\"1154\" \/>\u2013 sch\u00fctzt Waren vor Sch\u00e4den<br data-start=\"1181\" data-end=\"1184\" \/>\u2013 tr\u00e4gt zu einer energieeffizienten Nutzung der R\u00e4ume bei<\/p>\n<p data-start=\"1250\" data-end=\"1296\"><strong>Lagerhallen isolieren mit PUR-Isolierschaum<br \/>\n<\/strong>Bei der Isolierung von Lagerhallen wird der PUR-Schaum direkt auf W\u00e4nde, D\u00e4cher und Decken aufgetragen. Der Schaum haftet am Untergrund und bildet eine geschlossene Isolationsh\u00fclle ohne Fugen oder Spalten.<\/p>\n<p data-start=\"1505\" data-end=\"1670\">Dank der geschlossenen Zellstruktur ist PUR-Schaum feuchtigkeitsbest\u00e4ndig und beh\u00e4lt seine D\u00e4mmwirkung auch in Umgebungen mit wechselnden Temperaturen dauerhaft bei.<\/p>\n<p data-start=\"1677\" data-end=\"1712\"><strong>F\u00fcr welche Anwendungen geeignet?<br \/>\n<\/strong>Die Isolierung mit PUR-Schaum eignet sich f\u00fcr verschiedene Lager- und Nutzungsbereiche, darunter:<\/p>\n<p data-start=\"1813\" data-end=\"1902\">\u2013 Lagerhallen<br data-start=\"1826\" data-end=\"1829\" \/>\u2013 Distributionszentren<br data-start=\"1851\" data-end=\"1854\" \/>\u2013 K\u00fchl- und Tiefk\u00fchlr\u00e4ume<br data-start=\"1879\" data-end=\"1882\" \/>\u2013 Logistikbereiche<\/p>\n<p data-start=\"1904\" data-end=\"2019\">Auch bei gro\u00dfen Fl\u00e4chen oder schwer zug\u00e4nglichen Konstruktionen bietet PUR-Schaum eine effiziente Isolationsl\u00f6sung.<\/p>\n\t\t\t\t\t<\/div><!--end of item-->\r\n\t\t\t\t\t                    <div class=\"item\">\r\n                        <p><strong>Vorteile von PUR-Schaum bei der Isolierung von Lagerhallen<br \/>\n<\/strong>\u2013 fugenlose Isolierung ohne K\u00e4lte- oder W\u00e4rmebr\u00fccken<br \/>\n\u2013 hohe D\u00e4mmleistung<br \/>\n\u2013 feuchtigkeitsbest\u00e4ndig und langlebig<br \/>\n\u2013 haftet auf Beton-, Stahl- und Metallkonstruktionen<br \/>\n\u2013 M\u00f6glichkeit der Ausf\u00fchrung mit sch\u00fctzender Beschichtung<\/p>\n<p><strong>Unsere Arbeitsweise<br \/>\n<\/strong>Nach der Beurteilung der Lagerhalle bestimmen wir die am besten geeignete Isolationsl\u00f6sung. Der PUR-Schaum wird fachgerecht aufgetragen und h\u00e4rtet schnell aus, sodass der Lagerraum zeitnah wieder genutzt werden kann.<\/p>\n<p><strong>Besserer Schutz und geringere Kosten<br \/>\n<\/strong>Mit der Isolierung von Lagerhallen durch Isopur sorgen Sie f\u00fcr einen besseren Schutz Ihrer Waren und eine energieeffiziente Nutzung Ihrer Betriebsr\u00e4ume. M\u00f6chten Sie wissen, welche Isolationsl\u00f6sung zu Ihrer Lagerhalle passt? Kontaktieren Sie uns gerne f\u00fcr eine unverbindliche Preisindikation.<\/p>\n\t\t\t\t\t<\/div><!--end of item-->\r\n\t\t\t\t\t                <\/div><!--end of items-wrap-->\r\n            <\/div><!--end of inner-->\r\n        <\/div><!--end of column-text-module-->  \t \r\n\t\t\t\r\n\n\n        <div class=\"full-form-module\">\r\n            <div class=\"inner cf\">\r\n                <div class=\"title\">\r\n                    <h2>Unverbindliches Angebot anfordern<\/h2>\r\n                <\/div><!--end of title-->\r\n\r\n                <div class=\"form-wrap\">\r\n                    <script type=\"text\/javascript\">\n\/* <![CDATA[ *\/\nvar gform;gform||(document.addEventListener(\"gform_main_scripts_loaded\",function(){gform.scriptsLoaded=!0}),document.addEventListener(\"gform\/theme\/scripts_loaded\",function(){gform.themeScriptsLoaded=!0}),window.addEventListener(\"DOMContentLoaded\",function(){gform.domLoaded=!0}),gform={domLoaded:!1,scriptsLoaded:!1,themeScriptsLoaded:!1,isFormEditor:()=>\"function\"==typeof InitializeEditor,callIfLoaded:function(o){return!(!gform.domLoaded||!gform.scriptsLoaded||!gform.themeScriptsLoaded&&!gform.isFormEditor()||(gform.isFormEditor()&&console.warn(\"The use of gform.initializeOnLoaded() is deprecated in the form editor context and will be removed in Gravity Forms 3.1.\"),o(),0))},initializeOnLoaded:function(o){gform.callIfLoaded(o)||(document.addEventListener(\"gform_main_scripts_loaded\",()=>{gform.scriptsLoaded=!0,gform.callIfLoaded(o)}),document.addEventListener(\"gform\/theme\/scripts_loaded\",()=>{gform.themeScriptsLoaded=!0,gform.callIfLoaded(o)}),window.addEventListener(\"DOMContentLoaded\",()=>{gform.domLoaded=!0,gform.callIfLoaded(o)}))},hooks:{action:{},filter:{}},addAction:function(o,r,e,t){gform.addHook(\"action\",o,r,e,t)},addFilter:function(o,r,e,t){gform.addHook(\"filter\",o,r,e,t)},doAction:function(o){gform.doHook(\"action\",o,arguments)},applyFilters:function(o){return gform.doHook(\"filter\",o,arguments)},removeAction:function(o,r){gform.removeHook(\"action\",o,r)},removeFilter:function(o,r,e){gform.removeHook(\"filter\",o,r,e)},addHook:function(o,r,e,t,n){null==gform.hooks[o][r]&&(gform.hooks[o][r]=[]);var d=gform.hooks[o][r];null==n&&(n=r+\"_\"+d.length),gform.hooks[o][r].push({tag:n,callable:e,priority:t=null==t?10:t})},doHook:function(r,o,e){var t;if(e=Array.prototype.slice.call(e,1),null!=gform.hooks[r][o]&&((o=gform.hooks[r][o]).sort(function(o,r){return o.priority-r.priority}),o.forEach(function(o){\"function\"!=typeof(t=o.callable)&&(t=window[t]),\"action\"==r?t.apply(null,e):e[0]=t.apply(null,e)})),\"filter\"==r)return e[0]},removeHook:function(o,r,t,n){var e;null!=gform.hooks[o][r]&&(e=(e=gform.hooks[o][r]).filter(function(o,r,e){return!!(null!=n&&n!=o.tag||null!=t&&t!=o.priority)}),gform.hooks[o][r]=e)}});\n\/* ]]> *\/\n<\/script>\n\n                <div class='gf_browser_gecko gform_wrapper gform_legacy_markup_wrapper gform-theme--no-framework' data-form-theme='legacy' data-form-index='0' id='gform_wrapper_4' ><div id='gf_4' class='gform_anchor' tabindex='-1'><\/div><form method='post' enctype='multipart\/form-data' target='gform_ajax_frame_4' id='gform_4'  action='\/de\/wp-json\/wp\/v2\/pages\/1474#gf_4' data-formid='4' novalidate>\n                        <div class='gform-body gform_body'><ul id='gform_fields_4' class='gform_fields top_label form_sublabel_below description_below validation_below'><li id=\"field_4_5\" class=\"gfield gfield--type-select gfield--input-type-select gfield--width-full gfield_contains_required field_sublabel_below gfield--no-description field_description_below field_validation_below gfield_visibility_visible\"  ><label class='gfield_label gform-field-label' for='input_4_5'>Privat oder gewerblich<span class=\"gfield_required\"><span class=\"gfield_required gfield_required_asterisk\">*<\/span><\/span><\/label><div class='ginput_container ginput_container_select'><select name='input_5' id='input_4_5' class='medium gfield_select'    aria-required=\"true\" aria-invalid=\"false\" ><option value='' selected='selected' class='gf_placeholder'>Selecteer<\/option><option value='Privat' >Privat<\/option><option value='Gewerblich' >Gewerblich<\/option><\/select><\/div><\/li><li id=\"field_4_7\" class=\"gfield gfield--type-text gfield--input-type-text gfield--width-full gfield_contains_required field_sublabel_below gfield--no-description field_description_below field_validation_below gfield_visibility_visible\"  ><label class='gfield_label gform-field-label' for='input_4_7'>Name<span class=\"gfield_required\"><span class=\"gfield_required gfield_required_asterisk\">*<\/span><\/span><\/label><div class='ginput_container ginput_container_text'><input name='input_7' id='input_4_7' type='text' value='' class='medium'     aria-required=\"true\" aria-invalid=\"false\"   \/><\/div><\/li><li id=\"field_4_2\" class=\"gfield gfield--type-email gfield--input-type-email gfield_contains_required field_sublabel_below gfield--no-description field_description_below field_validation_below gfield_visibility_visible\"  ><label class='gfield_label gform-field-label' for='input_4_2'>E-mail<span class=\"gfield_required\"><span class=\"gfield_required gfield_required_asterisk\">*<\/span><\/span><\/label><div class='ginput_container ginput_container_email'>\n                            <input name='input_2' id='input_4_2' type='email' value='' class='medium'    aria-required=\"true\" aria-invalid=\"false\"  \/>\n                        <\/div><\/li><li id=\"field_4_3\" class=\"gfield gfield--type-text gfield--input-type-text gfield_contains_required field_sublabel_below gfield--no-description field_description_below field_validation_below gfield_visibility_visible\"  ><label class='gfield_label gform-field-label' for='input_4_3'>Telefonnummer<span class=\"gfield_required\"><span class=\"gfield_required gfield_required_asterisk\">*<\/span><\/span><\/label><div class='ginput_container ginput_container_text'><input name='input_3' id='input_4_3' type='text' value='' class='medium'     aria-required=\"true\" aria-invalid=\"false\"   \/><\/div><\/li><li id=\"field_4_4\" class=\"gfield gfield--type-textarea gfield--input-type-textarea full-item field_sublabel_below gfield--no-description field_description_below field_validation_below gfield_visibility_visible\"  ><label class='gfield_label gform-field-label screen-reader-text' for='input_4_4'>Geben Sie hier Ihre Nachricht ein<\/label><div class='ginput_container ginput_container_textarea'><textarea name='input_4' id='input_4_4' class='textarea medium'    placeholder='Geben Sie hier Ihre Nachricht ein'  aria-invalid=\"false\"   rows='10' cols='50'><\/textarea><\/div><\/li><\/ul><\/div>\n        <div class='gform-footer gform_footer top_label'> <input type='submit' id='gform_submit_button_4' class='gform_button button' onclick='gform.submission.handleButtonClick(this);' data-submission-type='submit' value='\u2192 NACHRICHT SENDEN'  \/> <input type='hidden' name='gform_ajax' value='form_id=4&amp;title=&amp;description=&amp;tabindex=0&amp;theme=legacy&amp;styles=[]&amp;hash=a765bc8773034f2d09b3403b04b31768' \/>\n            <input type='hidden' class='gform_hidden' name='gform_submission_method' data-js='gform_submission_method_4' value='iframe' \/>\n            <input type='hidden' class='gform_hidden' name='gform_theme' data-js='gform_theme_4' id='gform_theme_4' value='legacy' \/>\n            <input type='hidden' class='gform_hidden' name='gform_style_settings' data-js='gform_style_settings_4' id='gform_style_settings_4' value='[]' \/>\n            <input type='hidden' class='gform_hidden' name='is_submit_4' value='1' \/>\n            <input type='hidden' class='gform_hidden' name='gform_submit' value='4' \/>\n            \n            <input type='hidden' class='gform_hidden' name='gform_currency' data-currency='USD' value='kZt1yEUWlZHG\/kvcy4ob2zUN+D6djyVGByofNSK90wq\/U0Pz9hDMJmm7hMkEqxxGz3IX5AXemOjAJmtoiCjzD+7HXpj+o5Z2pnSFm3Sigw83K9c=' \/>\n            <input type='hidden' class='gform_hidden' name='gform_unique_id' value='' \/>\n            <input type='hidden' class='gform_hidden' name='state_4' value='WyJ7XCI1XCI6W1wiZTcwZTY1ODIzZjkzMTgzMjA5ZWIwZDJiNDk5MjZhZjlcIixcImVmYjhhZWI0Y2ZlYTQ0MjVjYTMzMDljOTMwNDlkMjQ3XCJdfSIsIjgwYjRjNTYxY2M4MzQ3YjE4MWU0NzY4OWZkNGFjMDYwIl0=' \/>\n            <input type='hidden' autocomplete='off' class='gform_hidden' name='gform_target_page_number_4' id='gform_target_page_number_4' value='0' \/>\n            <input type='hidden' autocomplete='off' class='gform_hidden' name='gform_source_page_number_4' id='gform_source_page_number_4' value='1' \/>\n            <input type='hidden' name='gform_field_values' value='' \/>\n            \n        <\/div>\n                        <input type=\"hidden\" id=\"ct_checkjs_e5f6ad6ce374177eef023bf5d0c018b6\" name=\"ct_checkjs\" value=\"0\" \/><script >setTimeout(function(){var ct_input_name = \"ct_checkjs_e5f6ad6ce374177eef023bf5d0c018b6\";if (document.getElementById(ct_input_name) !== null) {var ct_input_value = document.getElementById(ct_input_name).value;document.getElementById(ct_input_name).value = document.getElementById(ct_input_name).value.replace(ct_input_value, '1597809481');}}, 1000);<\/script><input\n                    class=\"apbct_special_field apbct_email_id__gravity_form\"\n                    name=\"apbct__email_id__gravity_form\"\n                    aria-label=\"apbct__label_id__gravity_form\"\n                    type=\"text\" size=\"30\" maxlength=\"200\" autocomplete=\"off\"\n                    value=\"\"\n                \/><p style=\"display: none !important;\" class=\"akismet-fields-container\" data-prefix=\"ak_\"><label>&#916;<textarea name=\"ak_hp_textarea\" cols=\"45\" rows=\"8\" maxlength=\"100\"><\/textarea><\/label><input type=\"hidden\" id=\"ak_js_1\" name=\"ak_js\" value=\"204\"\/><script>document.getElementById( \"ak_js_1\" ).setAttribute( \"value\", ( new Date() ).getTime() );<\/script><\/p><\/form>\n                        <\/div>\n\t\t                <iframe style='display:none;width:0px;height:0px;' src='about:blank' name='gform_ajax_frame_4' id='gform_ajax_frame_4' title='Dieser iframe enth\u00e4lt die erforderliche Logik um Gravity Forms Formulare mit AJAX zu handhaben.'><\/iframe>\n\t\t                <script type=\"text\/javascript\">\n\/* <![CDATA[ *\/\n gform.initializeOnLoaded( function() {gformInitSpinner( 4, 'https:\/\/isopur.nl\/wp-content\/plugins\/gravityforms\/images\/spinner.svg', true );jQuery('#gform_ajax_frame_4').on('load',function(){var contents = jQuery(this).contents().find('*').html();var is_postback = contents.indexOf('GF_AJAX_POSTBACK') >= 0;if(!is_postback){return;}var form_content = jQuery(this).contents().find('#gform_wrapper_4');var is_confirmation = jQuery(this).contents().find('#gform_confirmation_wrapper_4').length > 0;var is_redirect = contents.indexOf('gformRedirect(){') >= 0;var is_form = form_content.length > 0 && ! is_redirect && ! is_confirmation;var mt = parseInt(jQuery('html').css('margin-top'), 10) + parseInt(jQuery('body').css('margin-top'), 10) + 100;if(is_form){jQuery('#gform_wrapper_4').html(form_content.html());if(form_content.hasClass('gform_validation_error')){jQuery('#gform_wrapper_4').addClass('gform_validation_error');} else {jQuery('#gform_wrapper_4').removeClass('gform_validation_error');}setTimeout( function() { \/* delay the scroll by 50 milliseconds to fix a bug in chrome *\/ jQuery(document).scrollTop(jQuery('#gform_wrapper_4').offset().top - mt); }, 50 );if(window['gformInitDatepicker']) {gformInitDatepicker();}if(window['gformInitPriceFields']) {gformInitPriceFields();}var current_page = jQuery('#gform_source_page_number_4').val();gformInitSpinner( 4, 'https:\/\/isopur.nl\/wp-content\/plugins\/gravityforms\/images\/spinner.svg', true );jQuery(document).trigger('gform_page_loaded', [4, current_page]);window['gf_submitting_4'] = false;}else if(!is_redirect){var confirmation_content = jQuery(this).contents().find('.GF_AJAX_POSTBACK').html();if(!confirmation_content){confirmation_content = contents;}jQuery('#gform_wrapper_4').replaceWith(confirmation_content);jQuery(document).scrollTop(jQuery('#gf_4').offset().top - mt);jQuery(document).trigger('gform_confirmation_loaded', [4]);window['gf_submitting_4'] = false;wp.a11y.speak(jQuery('#gform_confirmation_message_4').text());}else{jQuery('#gform_4').append(contents);if(window['gformRedirect']) {gformRedirect();}}jQuery(document).trigger(\"gform_pre_post_render\", [{ formId: \"4\", currentPage: \"current_page\", abort: function() { this.preventDefault(); } }]);        if (event && event.defaultPrevented) {                return;        }        const gformWrapperDiv = document.getElementById( \"gform_wrapper_4\" );        if ( gformWrapperDiv ) {            const visibilitySpan = document.createElement( \"span\" );            visibilitySpan.id = \"gform_visibility_test_4\";            gformWrapperDiv.insertAdjacentElement( \"afterend\", visibilitySpan );        }        const visibilityTestDiv = document.getElementById( \"gform_visibility_test_4\" );        let postRenderFired = false;        function triggerPostRender() {            if ( postRenderFired ) {                return;            }            postRenderFired = true;            gform.core.triggerPostRenderEvents( 4, current_page );            if ( visibilityTestDiv ) {                visibilityTestDiv.parentNode.removeChild( visibilityTestDiv );            }        }        function debounce( func, wait, immediate ) {            var timeout;            return function() {                var context = this, args = arguments;                var later = function() {                    timeout = null;                    if ( !immediate ) func.apply( context, args );                };                var callNow = immediate && !timeout;                clearTimeout( timeout );                timeout = setTimeout( later, wait );                if ( callNow ) func.apply( context, args );            };        }        const debouncedTriggerPostRender = debounce( function() {            triggerPostRender();        }, 200 );        if ( visibilityTestDiv && visibilityTestDiv.offsetParent === null ) {            const observer = new MutationObserver( ( mutations ) => {                mutations.forEach( ( mutation ) => {                    if ( mutation.type === 'attributes' && visibilityTestDiv.offsetParent !== null ) {                        debouncedTriggerPostRender();                        observer.disconnect();                    }                });            });            observer.observe( document.body, {                attributes: true,                childList: false,                subtree: true,                attributeFilter: [ 'style', 'class' ],            });        } else {            triggerPostRender();        }    } );} ); \n\/* ]]> *\/\n<\/script>\n\r\n                    <div class=\"contact-items\">\r\n                        <ul>\r\n                                                        <li class=\"phone\"><a href=\"tel:+31 (0)488-454647\">+31 (0)488-454647<\/a><\/li>\r\n                                                                                    <li class=\"mail\"><a href=\"mailto:in**@****ur.nl\" data-original-string=\"eXaXaxG76Ujrvq2YBAZrLA==d57ZduEMM\/5JPle1TVeOH8GiQ==\" title=\"Dieser Kontakt wurde von Anti-Spam by CleanTalk verschl\u00fcsselt. Klicken Sie hier, um ihn zu entschl\u00fcsseln. Um die Entschl\u00fcsselung abzuschlie\u00dfen, stellen Sie sicher, dass JavaScript in Ihrem Browser aktiviert ist.\"><span \n                data-original-string='zDkeWgJA7l2MBWuckp3XwA==d57NP9OJ87oWkg0oje6EgcHtA=='\n                class='apbct-email-encoder'\n                title='Dieser Kontakt wurde von Anti-Spam by CleanTalk verschl\u00fcsselt. Klicken Sie hier, um ihn zu entschl\u00fcsseln. Um die Entschl\u00fcsselung abzuschlie\u00dfen, stellen Sie sicher, dass JavaScript in Ihrem Browser aktiviert ist.'>in<span class=\"apbct-blur\">**<\/span>@<span class=\"apbct-blur\">****<\/span>ur.nl<\/span><\/a><\/li>\r\n                                                    <\/ul>\r\n                    <\/div><!--end of contact-items-->\r\n\r\n                <\/div><!--end of form-wrap-->\r\n            <\/div><!--end of inner-->\r\n        <\/div><!--end of full-form-module-->  \t \r\n\t\t\t\r\n","protected":false},"excerpt":{"rendered":"","protected":false},"author":3,"featured_media":0,"parent":0,"menu_order":0,"comment_status":"closed","ping_status":"closed","template":"","meta":{"footnotes":""},"class_list":["post-1474","page","type-page","status-publish","hentry"],"acf":[],"_links":{"self":[{"href":"https:\/\/isopur.nl\/de\/wp-json\/wp\/v2\/pages\/1474","targetHints":{"allow":["GET"]}}],"collection":[{"href":"https:\/\/isopur.nl\/de\/wp-json\/wp\/v2\/pages"}],"about":[{"href":"https:\/\/isopur.nl\/de\/wp-json\/wp\/v2\/types\/page"}],"author":[{"embeddable":true,"href":"https:\/\/isopur.nl\/de\/wp-json\/wp\/v2\/users\/3"}],"replies":[{"embeddable":true,"href":"https:\/\/isopur.nl\/de\/wp-json\/wp\/v2\/comments?post=1474"}],"version-history":[{"count":4,"href":"https:\/\/isopur.nl\/de\/wp-json\/wp\/v2\/pages\/1474\/revisions"}],"predecessor-version":[{"id":1515,"href":"https:\/\/isopur.nl\/de\/wp-json\/wp\/v2\/pages\/1474\/revisions\/1515"}],"wp:attachment":[{"href":"https:\/\/isopur.nl\/de\/wp-json\/wp\/v2\/media?parent=1474"}],"curies":[{"name":"wp","href":"https:\/\/api.w.org\/{rel}","templated":true}]}}