{"id":486,"date":"2021-02-08T12:50:35","date_gmt":"2021-02-08T12:50:35","guid":{"rendered":"https:\/\/isopur.nl\/over-ons\/"},"modified":"2025-12-31T11:31:56","modified_gmt":"2025-12-31T11:31:56","slug":"over-ons","status":"publish","type":"page","link":"https:\/\/isopur.nl\/de\/over-ons\/","title":{"rendered":"\u00dcber uns"},"content":{"rendered":"        <div class=\"featured-module \">\r\n            <div class=\"img-wrap webp\" style=\"background-image: url(https:\/\/isopur.nl\/wp-content\/uploads\/2022\/03\/IMG_1747-kopie.webp);\"><\/div><!--end of top-img--><div class=\"img-wrap\" style=\"background-image: url(https:\/\/isopur.nl\/wp-content\/uploads\/2022\/03\/IMG_1747-kopie-scaled.jpg);\"><\/div><!--end of top-img--> \r\n            <div class=\"inner cf\">\r\n                <div class=\"text-wrap\">\r\n                    <h2>\u00dcber uns<\/h2>\n<p>Isopur steht f\u00fcr zuverl\u00e4ssige und langlebige Isolationsl\u00f6sungen mit PUR-Schaum. Bei allem, was wir tun, stehen Qualit\u00e4t, handwerkliches K\u00f6nnen und ein dauerhaft leistungsf\u00e4higes Ergebnis im Mittelpunkt. Von Wohngeb\u00e4uden \u00fcber landwirtschaftliche Bauten bis hin zu industriellen Anlagen und Schiffen \u2013 wir liefern Isolierung, die h\u00e4lt, was sie verspricht.<\/p>\n                            <div class=\"btns-wrap\">\r\n                                 \t\t\r\n\t\t<div class=\"btn border-btn\">\t\t\t\t\t\t\t\t\t\t\t\t\t\t\t\t\t\t\t\t\t\t\t\t\t\t\t\t\t\t\r\n\t\t\t<a href=\"https:\/\/isopur.nl\/de\/contact\/\" target=\"_self\" >Angebot anfordern<\/a>\t\t\t\t\t\t\t\t\t\t\t\t\r\n\t\t<\/div>\r\n\t \t\t\r\n\t\t<div class=\"btn default\">\t\t\t\t\t\t\t\t\t\t\t\t\t\t\t\t\t\t\t\t\t\t\t\t\t\t\t\t\t\t\r\n\t\t\t<a href=\"https:\/\/isopur.nl\/de\/projecten\/\" target=\"_self\" >Projekte anzeigen<\/a>\t\t\t\t\t\t\t\t\t\t\t\t\r\n\t\t<\/div>\r\n\t                            <\/div><!--end of btns-wrap-->\r\n                                        <\/div><!--end of text-wrap-->\r\n            <\/div><!--end of inner-->\r\n                    <\/div><!--end of featured-module-->\t \r\n\t\t\t\r\n\n\n\t\t<div class=\"usps-bar-module\">\r\n            <div class=\"inner cf\">\r\n\t\t\t\t                <ul>\r\n\t\t\t\t\t\t\t\t\t\t<li>Seit \u00fcber 40 Jahren Ihr Isolationsspezialist<\/li>\r\n\t\t\t\t\t\t\t\t\t\t<li>Zertifizierte Fachbetriebe<\/li>\r\n\t\t\t\t\t\t\t\t\t\t<li>10 Jahre Garantie auf unsere Arbeiten<\/li>\r\n\t\t\t\t\t\t\t\t\t\t<li>Ordentliche und saubere \u00dcbergabe<\/li>\r\n\t\t\t\t\t\t\t\t\t<\/ul>\r\n\t\t\t\t            <\/div><!--end of inner-->\r\n        <\/div><!--end of usps-bar-module-->  \t \r\n\t\t\t\r\n\n\n\t\t<div class=\"column-text-module\">\r\n            <div class=\"inner cf\">\r\n                <div class=\"title\">\r\n                    <h2>Willkommen bei Isopur, Pur Isolation<\/h2>\r\n                <\/div><!--end of title-->\r\n\r\n                <div class=\"items-wrap cf\">\r\n\t\t\t\t\t                    <div class=\"item\">\r\n                        <p><strong>Fachkompetenz als Basis<br \/>\n<\/strong>Mit mehr als 40 Jahren Erfahrung in der PUR-Isolierung bilden Wissen und handwerkliche Pr\u00e4zision das Fundament unserer Arbeitsweise. Diese langj\u00e4hrige Praxiserfahrung spiegelt sich in jedem Projekt wider: sorgf\u00e4ltige Analyse, fachgerechte Ausf\u00fchrung und eine saubere Endverarbeitung. Durch den kontinuierlichen Einsatz moderner Spr\u00fchtechnik und hochwertiger Materialien realisieren wir f\u00fcr jede Situation eine passende Isolationsl\u00f6sung.<\/p>\n<p>Unsere Arbeitsweise ist gepr\u00e4gt von jahrzehntelanger Erfahrung in der PUR-Isolierung. Diese Erfahrung bestimmt unseren Ansatz: genau pr\u00fcfen, professionell ausf\u00fchren und zuverl\u00e4ssig abschlie\u00dfen.<\/p>\n<p><strong>Familienunternehmen mit kurzen Wegen<br \/>\n<\/strong>Isopur ist ein Familienunternehmen, in dem Fachwissen und Erfahrung \u00fcber Generationen hinweg weitergegeben wurden. Diese Herkunft sorgt f\u00fcr hohe pers\u00f6nliche Verantwortung, kurze Kommunikationswege und einen konsequenten Fokus auf Qualit\u00e4t. Jeder Auftrag \u2013 ob klein oder gro\u00df \u2013 erh\u00e4lt die gleiche Aufmerksamkeit und Sorgfalt.<\/p>\n<p><strong>Aktiv in verschiedenen Branchen<br \/>\n<\/strong>Unsere T\u00e4tigkeiten beschr\u00e4nken sich nicht auf einen einzelnen Anwendungsbereich. Isopur ist unter anderem t\u00e4tig in:<\/p>\n<p>\u2013 Wohngeb\u00e4udeisolierung<br \/>\n\u2013 landwirtschaftlicher Isolierung<br \/>\n\u2013 Isolierung von Geb\u00e4uden und Lagerhallen<br \/>\n\u2013 Isolierung von Bewahrungsr\u00e4umen<br \/>\n\u2013 Isolierung von Tankreservoirs<br \/>\n\u2013 Isolierung von Schiffen und industriellen R\u00e4umen<\/p>\n<p>Dank dieser breiten Einsatzbereiche verf\u00fcgen wir \u00fcber umfassende Erfahrung mit unterschiedlichsten Anwendungen und Rahmenbedingungen.<\/p>\n\t\t\t\t\t<\/div><!--end of item-->\r\n\t\t\t\t\t                    <div class=\"item\">\r\n                        <p><img loading=\"lazy\" decoding=\"async\" class=\"alignnone wp-image-335\" src=\"https:\/\/isopur.nl\/wp-content\/uploads\/2021\/02\/56a67245-f126-4515-b3e1-ee1a1ce1a597-300x169.jpg\" alt=\"\" width=\"422\" height=\"238\" srcset=\"https:\/\/isopur.nl\/wp-content\/uploads\/2021\/02\/56a67245-f126-4515-b3e1-ee1a1ce1a597-300x169.jpg 300w, https:\/\/isopur.nl\/wp-content\/uploads\/2021\/02\/56a67245-f126-4515-b3e1-ee1a1ce1a597-768x432.jpg 768w, https:\/\/isopur.nl\/wp-content\/uploads\/2021\/02\/56a67245-f126-4515-b3e1-ee1a1ce1a597.jpg 1024w\" sizes=\"auto, (max-width: 422px) 100vw, 422px\" \/><\/p>\n<p><strong>Nachhaltig und durchdacht<\/strong><\/p>\n<p>PUR-Schaum bildet nach dem Aush\u00e4rten eine stabile, geschlossene Isolationsschicht mit langer Lebensdauer. Dadurch sind unsere L\u00f6sungen nachhaltig und wartungsarm. Bei Bedarf versehen wir die Isolierung mit einer sch\u00fctzenden Beschichtung, um zus\u00e4tzlichen Schutz vor Feuchtigkeit, Abnutzung und Witterungseinfl\u00fcssen zu gew\u00e4hrleisten.<\/p>\n<p><strong>Gemeinsam zum besten Ergebnis<\/strong><br \/>\nBei jedem Projekt denken wir aktiv mit, um die optimale L\u00f6sung zu finden. Klare Kommunikation, eine saubere Ausf\u00fchrung und ein zuverl\u00e4ssiges Endergebnis stehen dabei im Vordergrund. Auch bei der Entfernung bestehender Isolierung arbeiten wir mit spezialisierten Partnern zusammen, sodass der gesamte Prozess professionell und reibungslos umgesetzt wird.<\/p>\n<p><strong>Mehr \u00fcber Isopur erfahren?<br \/>\n<\/strong>M\u00f6chten Sie wissen, was wir f\u00fcr Ihr Projekt oder Ihre Situation leisten k\u00f6nnen? Kontaktieren Sie uns gerne. Wir informieren Sie ausf\u00fchrlich \u00fcber unsere Arbeitsweise und die M\u00f6glichkeiten, die wir Ihnen bieten k\u00f6nnen.<\/p>\n\t\t\t\t\t<\/div><!--end of item-->\r\n\t\t\t\t\t                <\/div><!--end of items-wrap-->\r\n            <\/div><!--end of inner-->\r\n        <\/div><!--end of column-text-module-->  \t \r\n\t\t\t\r\n\n\n\t\t<div class=\"quote-slider-module\">\r\n\t\t\t<div class=\"img-wrap webp\" style=\"background-image: url(https:\/\/isopur.nl\/wp-content\/uploads\/2021\/02\/tabs-bg-img-3.webp);\"><\/div><!--end of top-img--><div class=\"img-wrap\" style=\"background-image: url(https:\/\/isopur.nl\/wp-content\/uploads\/2021\/02\/tabs-bg-img-3.jpg);\"><\/div><!--end of top-img--> \r\n\r\n            <div class=\"inner cf\">\r\n                <div class=\"quote-slider\">\r\n\r\n\t\t\t\t\t\t\t\t\t<div class=\"slide\">\r\n                        <h3>Review<\/h3>\r\n                        <p>Zuverl\u00e4ssiges und professionelles Unternehmen. Saubere Arbeitsweise und termingerechte Ausf\u00fchrung. Absolut empfehlenswert f\u00fcr alle, die den Kriechkeller ihres Hauses isolieren lassen m\u00f6chten.<\/p>\r\n                        <span class=\"name\">&#8211; L. Stikkelman<\/span>\r\n                    <\/div><!--end of slide-->\r\n\t\t\t\t\t\t\t\t\t\t\t\t\t\t\t\r\n\r\n                <\/div><!--end of quote-slider-->\r\n            <\/div><!--end of inner-->\r\n        <\/div><!--end of quote-slider-module-->\r\n\t\t\t\r\n\n\n\t\t<div class=\"column-text-module\">\r\n            <div class=\"inner cf\">\r\n                <div class=\"title\">\r\n                    <h2>Unsere Projekte<\/h2>\r\n                <\/div><!--end of title-->\r\n\r\n                <div class=\"items-wrap cf\">\r\n\t\t\t\t\t                <\/div><!--end of items-wrap-->\r\n            <\/div><!--end of inner-->\r\n        <\/div><!--end of column-text-module-->  \t \r\n\t\t\t\r\n\n\n\t\t<div class=\"projects-module \">\r\n            <div class=\"inner\">\r\n                <div class=\"items-wrap cf\">\r\n\t\t\t\t\t\t\t\t\t\t<div class=\"item\" item_id=\"1520\">\r\n\t\t\t\t\t\t<div class=\"img-wrap webp\" style=\"background-image: url(https:\/\/isopur.nl\/wp-content\/uploads\/2021\/02\/WhatsApp-Image-2025-12-23-at-20.56.59-6.webp);\"><\/div><!--end of top-img--><div class=\"img-wrap\" style=\"background-image: url(https:\/\/isopur.nl\/wp-content\/uploads\/2021\/02\/WhatsApp-Image-2025-12-23-at-20.56.59-6.jpeg);\"><\/div><!--end of top-img--> \r\n                        <div class=\"hover-overlay\">\r\n                            <span class=\"name\">Projekt Maske<\/span>\r\n                        <\/div><!--end of hover-overlay-->\r\n                        <a href=\"#\" class=\"full-link\"><\/a>\r\n                    <\/div><!--end of item-->\r\n\t\t\t\t\t\t\t\t\t\t<div class=\"item\" item_id=\"1519\">\r\n\t\t\t\t\t\t<div class=\"img-wrap webp\" style=\"background-image: url(https:\/\/isopur.nl\/wp-content\/uploads\/2021\/02\/WhatsApp-Image-2025-12-23-at-21.26.09-2.webp);\"><\/div><!--end of top-img--><div class=\"img-wrap\" style=\"background-image: url(https:\/\/isopur.nl\/wp-content\/uploads\/2021\/02\/WhatsApp-Image-2025-12-23-at-21.26.09-2.jpeg);\"><\/div><!--end of top-img--> \r\n                        <div class=\"hover-overlay\">\r\n                            <span class=\"name\">Fruchtlagerhalle<\/span>\r\n                        <\/div><!--end of hover-overlay-->\r\n                        <a href=\"#\" class=\"full-link\"><\/a>\r\n                    <\/div><!--end of item-->\r\n\t\t\t\t\t\t\t\t\t\t<div class=\"item\" item_id=\"1518\">\r\n\t\t\t\t\t\t<div class=\"img-wrap webp\" style=\"background-image: url(https:\/\/isopur.nl\/wp-content\/uploads\/2021\/02\/WhatsApp-Image-2025-12-24-at-09.03.50.webp);\"><\/div><!--end of top-img--><div class=\"img-wrap\" style=\"background-image: url(https:\/\/isopur.nl\/wp-content\/uploads\/2021\/02\/WhatsApp-Image-2025-12-24-at-09.03.50.jpeg);\"><\/div><!--end of top-img--> \r\n                        <div class=\"hover-overlay\">\r\n                            <span class=\"name\">Stallisolierung &amp; Sanierung von Luftkan\u00e4len<\/span>\r\n                        <\/div><!--end of hover-overlay-->\r\n                        <a href=\"#\" class=\"full-link\"><\/a>\r\n                    <\/div><!--end of item-->\r\n\t\t\t\t\t \t\t\t\t\t\r\n                <\/div><!--end of items-wrap-->\r\n\t\t\t<\/div><!--end of inner-->\r\n\t\t\t\r\n            <div class=\"project-popup\">\r\n                <div class=\"overlay\"><\/div><!--end of overlay-->\r\n\r\n                <div class=\"close-btn-wrap\">\r\n                    <div class=\"inner cf\">\r\n                        <div class=\"close-btn\">\r\n                            <div class=\"icon\"><\/div>\r\n                        <\/div><!--end of close-btn-->\r\n                    <\/div><!--end of inner-->\r\n                <\/div><!--end of close-btn-wrap-->\r\n\r\n                <div class=\"center\">\r\n                    <div class=\"inner cf details-wrap\">\r\n                        \r\n                    <\/div><!--end of inner-->\r\n                <\/div><!--end of center-->\r\n\t\t\t<\/div><!--end of project-popup-->\r\n\t\t\t\t\t\t\r\n        <\/div><!--end of projects-module-->  \t \r\n\t\t\t\r\n\n\n        <div class=\"full-form-module\">\r\n            <div class=\"inner cf\">\r\n                <div class=\"title\">\r\n                    <h2>Contact<\/h2>\r\n                <\/div><!--end of title-->\r\n\r\n                <div class=\"form-wrap\">\r\n                    <script type=\"text\/javascript\">\n\/* <![CDATA[ *\/\nvar gform;gform||(document.addEventListener(\"gform_main_scripts_loaded\",function(){gform.scriptsLoaded=!0}),document.addEventListener(\"gform\/theme\/scripts_loaded\",function(){gform.themeScriptsLoaded=!0}),window.addEventListener(\"DOMContentLoaded\",function(){gform.domLoaded=!0}),gform={domLoaded:!1,scriptsLoaded:!1,themeScriptsLoaded:!1,isFormEditor:()=>\"function\"==typeof InitializeEditor,callIfLoaded:function(o){return!(!gform.domLoaded||!gform.scriptsLoaded||!gform.themeScriptsLoaded&&!gform.isFormEditor()||(gform.isFormEditor()&&console.warn(\"The use of gform.initializeOnLoaded() is deprecated in the form editor context and will be removed in Gravity Forms 3.1.\"),o(),0))},initializeOnLoaded:function(o){gform.callIfLoaded(o)||(document.addEventListener(\"gform_main_scripts_loaded\",()=>{gform.scriptsLoaded=!0,gform.callIfLoaded(o)}),document.addEventListener(\"gform\/theme\/scripts_loaded\",()=>{gform.themeScriptsLoaded=!0,gform.callIfLoaded(o)}),window.addEventListener(\"DOMContentLoaded\",()=>{gform.domLoaded=!0,gform.callIfLoaded(o)}))},hooks:{action:{},filter:{}},addAction:function(o,r,e,t){gform.addHook(\"action\",o,r,e,t)},addFilter:function(o,r,e,t){gform.addHook(\"filter\",o,r,e,t)},doAction:function(o){gform.doHook(\"action\",o,arguments)},applyFilters:function(o){return gform.doHook(\"filter\",o,arguments)},removeAction:function(o,r){gform.removeHook(\"action\",o,r)},removeFilter:function(o,r,e){gform.removeHook(\"filter\",o,r,e)},addHook:function(o,r,e,t,n){null==gform.hooks[o][r]&&(gform.hooks[o][r]=[]);var d=gform.hooks[o][r];null==n&&(n=r+\"_\"+d.length),gform.hooks[o][r].push({tag:n,callable:e,priority:t=null==t?10:t})},doHook:function(r,o,e){var t;if(e=Array.prototype.slice.call(e,1),null!=gform.hooks[r][o]&&((o=gform.hooks[r][o]).sort(function(o,r){return o.priority-r.priority}),o.forEach(function(o){\"function\"!=typeof(t=o.callable)&&(t=window[t]),\"action\"==r?t.apply(null,e):e[0]=t.apply(null,e)})),\"filter\"==r)return e[0]},removeHook:function(o,r,t,n){var e;null!=gform.hooks[o][r]&&(e=(e=gform.hooks[o][r]).filter(function(o,r,e){return!!(null!=n&&n!=o.tag||null!=t&&t!=o.priority)}),gform.hooks[o][r]=e)}});\n\/* ]]> *\/\n<\/script>\n\n                <div class='gf_browser_gecko gform_wrapper gform_legacy_markup_wrapper gform-theme--no-framework' data-form-theme='legacy' data-form-index='0' id='gform_wrapper_1' ><div id='gf_1' class='gform_anchor' tabindex='-1'><\/div><form method='post' enctype='multipart\/form-data' target='gform_ajax_frame_1' id='gform_1'  action='\/de\/wp-json\/wp\/v2\/pages\/486#gf_1' data-formid='1' novalidate>\n                        <div class='gform-body gform_body'><ul id='gform_fields_1' class='gform_fields top_label form_sublabel_below description_below validation_below'><li id=\"field_1_1\" class=\"gfield gfield--type-text gfield_contains_required field_sublabel_below gfield--no-description field_description_below field_validation_below gfield_visibility_visible\"  ><label class='gfield_label gform-field-label' for='input_1_1'>Naam*<span class=\"gfield_required\"><span class=\"gfield_required gfield_required_asterisk\">*<\/span><\/span><\/label><div class='ginput_container ginput_container_text'><input name='input_1' id='input_1_1' type='text' value='' class='medium'     aria-required=\"true\" aria-invalid=\"false\"   \/><\/div><\/li><li id=\"field_1_2\" class=\"gfield gfield--type-email gfield_contains_required field_sublabel_below gfield--no-description field_description_below field_validation_below gfield_visibility_visible\"  ><label class='gfield_label gform-field-label' for='input_1_2'>E-mail*<span class=\"gfield_required\"><span class=\"gfield_required gfield_required_asterisk\">*<\/span><\/span><\/label><div class='ginput_container ginput_container_email'>\n                            <input name='input_2' id='input_1_2' type='email' value='' class='medium'    aria-required=\"true\" aria-invalid=\"false\"  \/>\n                        <\/div><\/li><li id=\"field_1_3\" class=\"gfield gfield--type-text field_sublabel_below gfield--no-description field_description_below field_validation_below gfield_visibility_visible\"  ><label class='gfield_label gform-field-label' for='input_1_3'>Telefoonnummer<\/label><div class='ginput_container ginput_container_text'><input name='input_3' id='input_1_3' type='text' value='' class='medium'      aria-invalid=\"false\"   \/><\/div><\/li><li id=\"field_1_4\" class=\"gfield gfield--type-textarea left-textarea field_sublabel_below gfield--no-description field_description_below field_validation_below gfield_visibility_visible\"  ><label class='gfield_label gform-field-label' for='input_1_4'>Typ hier uw bericht<\/label><div class='ginput_container ginput_container_textarea'><textarea name='input_4' id='input_1_4' class='textarea medium'      aria-invalid=\"false\"   rows='10' cols='50'><\/textarea><\/div><\/li><\/ul><\/div>\n        <div class='gform-footer gform_footer top_label'> <input type='submit' id='gform_submit_button_1' class='gform_button button' onclick='gform.submission.handleButtonClick(this);' data-submission-type='submit' value='VERSTUUR BERICHT'  \/> <input type='hidden' name='gform_ajax' value='form_id=1&amp;title=&amp;description=&amp;tabindex=0&amp;theme=legacy&amp;styles=[]&amp;hash=67e8dc143ffcc52598c54b8f5c90b262' \/>\n            <input type='hidden' class='gform_hidden' name='gform_submission_method' data-js='gform_submission_method_1' value='iframe' \/>\n            <input type='hidden' class='gform_hidden' name='gform_theme' data-js='gform_theme_1' id='gform_theme_1' value='legacy' \/>\n            <input type='hidden' class='gform_hidden' name='gform_style_settings' data-js='gform_style_settings_1' id='gform_style_settings_1' value='[]' \/>\n            <input type='hidden' class='gform_hidden' name='is_submit_1' value='1' \/>\n            <input type='hidden' class='gform_hidden' name='gform_submit' value='1' \/>\n            \n            <input type='hidden' class='gform_hidden' name='gform_currency' data-currency='USD' value='X2Nc+oU1k37pueMwcvUgPLVZvCIU1syyJdGpDFCfT4XqjSCMo5fodCT39pAbpEZYI2au6ctPUJLjkNWEpqS9F+ti3b\/PaFUwXODCRM8BKvgcMAU=' \/>\n            <input type='hidden' class='gform_hidden' name='gform_unique_id' value='' \/>\n            <input type='hidden' class='gform_hidden' name='state_1' value='WyJbXSIsIjc3ZDI0YjY1Zjk4NGE3ZmRlM2ZiZmViMjdiZDQwNTNhIl0=' \/>\n            <input type='hidden' autocomplete='off' class='gform_hidden' name='gform_target_page_number_1' id='gform_target_page_number_1' value='0' \/>\n            <input type='hidden' autocomplete='off' class='gform_hidden' name='gform_source_page_number_1' id='gform_source_page_number_1' value='1' \/>\n            <input type='hidden' name='gform_field_values' value='' \/>\n            \n        <\/div>\n                        <input type=\"hidden\" id=\"ct_checkjs_9f61408e3afb633e50cdf1b20de6f466\" name=\"ct_checkjs\" value=\"0\" \/><script >setTimeout(function(){var ct_input_name = \"ct_checkjs_9f61408e3afb633e50cdf1b20de6f466\";if (document.getElementById(ct_input_name) !== null) {var ct_input_value = document.getElementById(ct_input_name).value;document.getElementById(ct_input_name).value = document.getElementById(ct_input_name).value.replace(ct_input_value, '2110214787');}}, 1000);<\/script><input\n                    class=\"apbct_special_field apbct_email_id__gravity_form\"\n                    name=\"apbct__email_id__gravity_form\"\n                    aria-label=\"apbct__label_id__gravity_form\"\n                    type=\"text\" size=\"30\" maxlength=\"200\" autocomplete=\"off\"\n                    value=\"\"\n                \/><p style=\"display: none !important;\" class=\"akismet-fields-container\" data-prefix=\"ak_\"><label>&#916;<textarea name=\"ak_hp_textarea\" cols=\"45\" rows=\"8\" maxlength=\"100\"><\/textarea><\/label><input type=\"hidden\" id=\"ak_js_1\" name=\"ak_js\" value=\"237\"\/><script>document.getElementById( \"ak_js_1\" ).setAttribute( \"value\", ( new Date() ).getTime() );<\/script><\/p><\/form>\n                        <\/div>\n\t\t                <iframe style='display:none;width:0px;height:0px;' src='about:blank' name='gform_ajax_frame_1' id='gform_ajax_frame_1' title='Dieser iframe enth\u00e4lt die erforderliche Logik um Gravity Forms Formulare mit AJAX zu handhaben.'><\/iframe>\n\t\t                <script type=\"text\/javascript\">\n\/* <![CDATA[ *\/\n gform.initializeOnLoaded( function() {gformInitSpinner( 1, 'https:\/\/isopur.nl\/wp-content\/plugins\/gravityforms\/images\/spinner.svg', true );jQuery('#gform_ajax_frame_1').on('load',function(){var contents = jQuery(this).contents().find('*').html();var is_postback = contents.indexOf('GF_AJAX_POSTBACK') >= 0;if(!is_postback){return;}var form_content = jQuery(this).contents().find('#gform_wrapper_1');var is_confirmation = jQuery(this).contents().find('#gform_confirmation_wrapper_1').length > 0;var is_redirect = contents.indexOf('gformRedirect(){') >= 0;var is_form = form_content.length > 0 && ! is_redirect && ! is_confirmation;var mt = parseInt(jQuery('html').css('margin-top'), 10) + parseInt(jQuery('body').css('margin-top'), 10) + 100;if(is_form){jQuery('#gform_wrapper_1').html(form_content.html());if(form_content.hasClass('gform_validation_error')){jQuery('#gform_wrapper_1').addClass('gform_validation_error');} else {jQuery('#gform_wrapper_1').removeClass('gform_validation_error');}setTimeout( function() { \/* delay the scroll by 50 milliseconds to fix a bug in chrome *\/ jQuery(document).scrollTop(jQuery('#gform_wrapper_1').offset().top - mt); }, 50 );if(window['gformInitDatepicker']) {gformInitDatepicker();}if(window['gformInitPriceFields']) {gformInitPriceFields();}var current_page = jQuery('#gform_source_page_number_1').val();gformInitSpinner( 1, 'https:\/\/isopur.nl\/wp-content\/plugins\/gravityforms\/images\/spinner.svg', true );jQuery(document).trigger('gform_page_loaded', [1, current_page]);window['gf_submitting_1'] = false;}else if(!is_redirect){var confirmation_content = jQuery(this).contents().find('.GF_AJAX_POSTBACK').html();if(!confirmation_content){confirmation_content = contents;}jQuery('#gform_wrapper_1').replaceWith(confirmation_content);jQuery(document).scrollTop(jQuery('#gf_1').offset().top - mt);jQuery(document).trigger('gform_confirmation_loaded', [1]);window['gf_submitting_1'] = false;wp.a11y.speak(jQuery('#gform_confirmation_message_1').text());}else{jQuery('#gform_1').append(contents);if(window['gformRedirect']) {gformRedirect();}}jQuery(document).trigger(\"gform_pre_post_render\", [{ formId: \"1\", currentPage: \"current_page\", abort: function() { this.preventDefault(); } }]);        if (event && event.defaultPrevented) {                return;        }        const gformWrapperDiv = document.getElementById( \"gform_wrapper_1\" );        if ( gformWrapperDiv ) {            const visibilitySpan = document.createElement( \"span\" );            visibilitySpan.id = \"gform_visibility_test_1\";            gformWrapperDiv.insertAdjacentElement( \"afterend\", visibilitySpan );        }        const visibilityTestDiv = document.getElementById( \"gform_visibility_test_1\" );        let postRenderFired = false;        function triggerPostRender() {            if ( postRenderFired ) {                return;            }            postRenderFired = true;            gform.core.triggerPostRenderEvents( 1, current_page );            if ( visibilityTestDiv ) {                visibilityTestDiv.parentNode.removeChild( visibilityTestDiv );            }        }        function debounce( func, wait, immediate ) {            var timeout;            return function() {                var context = this, args = arguments;                var later = function() {                    timeout = null;                    if ( !immediate ) func.apply( context, args );                };                var callNow = immediate && !timeout;                clearTimeout( timeout );                timeout = setTimeout( later, wait );                if ( callNow ) func.apply( context, args );            };        }        const debouncedTriggerPostRender = debounce( function() {            triggerPostRender();        }, 200 );        if ( visibilityTestDiv && visibilityTestDiv.offsetParent === null ) {            const observer = new MutationObserver( ( mutations ) => {                mutations.forEach( ( mutation ) => {                    if ( mutation.type === 'attributes' && visibilityTestDiv.offsetParent !== null ) {                        debouncedTriggerPostRender();                        observer.disconnect();                    }                });            });            observer.observe( document.body, {                attributes: true,                childList: false,                subtree: true,                attributeFilter: [ 'style', 'class' ],            });        } else {            triggerPostRender();        }    } );} ); \n\/* ]]> *\/\n<\/script>\n\r\n                    <div class=\"contact-items\">\r\n                        <ul>\r\n                                                        <li class=\"phone\"><a href=\"tel:+31 (0)488-454647\">+31 (0)488-454647<\/a><\/li>\r\n                                                                                    <li class=\"mail\"><a href=\"mailto:in**@****ur.nl\" data-original-string=\"g5Voji0zzUkT+ZxOSegPAg==d57MmF7iYiE0uVbqf8nBGZ7uQ==\" title=\"Dieser Kontakt wurde von Anti-Spam by CleanTalk verschl\u00fcsselt. Klicken Sie hier, um ihn zu entschl\u00fcsseln. Um die Entschl\u00fcsselung abzuschlie\u00dfen, stellen Sie sicher, dass JavaScript in Ihrem Browser aktiviert ist.\"><span \n                data-original-string='QAAIlOetU6mV5d4gyg78wQ==d57RFOVng16JhUmnKtaqJZLYw=='\n                class='apbct-email-encoder'\n                title='Dieser Kontakt wurde von Anti-Spam by CleanTalk verschl\u00fcsselt. Klicken Sie hier, um ihn zu entschl\u00fcsseln. Um die Entschl\u00fcsselung abzuschlie\u00dfen, stellen Sie sicher, dass JavaScript in Ihrem Browser aktiviert ist.'>in<span class=\"apbct-blur\">**<\/span>@<span class=\"apbct-blur\">****<\/span>ur.nl<\/span><\/a><\/li>\r\n                                                    <\/ul>\r\n                    <\/div><!--end of contact-items-->\r\n\r\n                <\/div><!--end of form-wrap-->\r\n            <\/div><!--end of inner-->\r\n        <\/div><!--end of full-form-module-->  \t \r\n\t\t\t\r\n","protected":false},"excerpt":{"rendered":"","protected":false},"author":3,"featured_media":0,"parent":0,"menu_order":0,"comment_status":"closed","ping_status":"closed","template":"","meta":{"footnotes":""},"class_list":["post-486","page","type-page","status-publish","hentry"],"acf":[],"_links":{"self":[{"href":"https:\/\/isopur.nl\/de\/wp-json\/wp\/v2\/pages\/486","targetHints":{"allow":["GET"]}}],"collection":[{"href":"https:\/\/isopur.nl\/de\/wp-json\/wp\/v2\/pages"}],"about":[{"href":"https:\/\/isopur.nl\/de\/wp-json\/wp\/v2\/types\/page"}],"author":[{"embeddable":true,"href":"https:\/\/isopur.nl\/de\/wp-json\/wp\/v2\/users\/3"}],"replies":[{"embeddable":true,"href":"https:\/\/isopur.nl\/de\/wp-json\/wp\/v2\/comments?post=486"}],"version-history":[{"count":20,"href":"https:\/\/isopur.nl\/de\/wp-json\/wp\/v2\/pages\/486\/revisions"}],"predecessor-version":[{"id":1551,"href":"https:\/\/isopur.nl\/de\/wp-json\/wp\/v2\/pages\/486\/revisions\/1551"}],"wp:attachment":[{"href":"https:\/\/isopur.nl\/de\/wp-json\/wp\/v2\/media?parent=486"}],"curies":[{"name":"wp","href":"https:\/\/api.w.org\/{rel}","templated":true}]}}